{"id":27679,"date":"2022-06-08T16:27:21","date_gmt":"2022-06-08T14:27:21","guid":{"rendered":"https:\/\/next.streetchildrenofkinshasa.org\/?page_id=27679"},"modified":"2024-11-20T11:14:27","modified_gmt":"2024-11-20T10:14:27","slug":"ndako-ya-biso","status":"publish","type":"page","link":"https:\/\/www.streetchildrenofkinshasa.org\/fr\/","title":{"rendered":"NDAKO YA BISO"},"content":{"rendered":"\n<div class=\"wp-block-columns is-layout-flex wp-container-core-columns-is-layout-9d6595d7 wp-block-columns-is-layout-flex\">\n<div class=\"wp-block-column is-layout-flow wp-block-column-is-layout-flow\">\n<h3 class=\"wp-block-heading\"><strong>Parce que la rue<br>ne donne pas naissance \u00e0 un enfant<\/strong><\/h3>\n\n\n\n<p class=\"has-small-font-size\" style=\"line-height:1.7\"><strong><em>Parce <\/em><\/strong><em><strong>que chaque enfant<\/strong><\/em> <br>a droit \u00e0 une famille, <br>\u00e0 \u00eatre consid\u00e9r\u00e9 <br>et reconnu comme un espoir pour l\u2019avenir, <br>parce que nous croyons <br>que la r\u00e9conciliation dans les familles <br>est un chemin essentiel pour la paix dans la soci\u00e9t\u00e9.<\/p>\n<\/div>\n\n\n\n<div class=\"wp-block-column is-layout-flow wp-block-column-is-layout-flow\">\n<div class=\"wp-block-columns is-layout-flex wp-container-core-columns-is-layout-9d6595d7 wp-block-columns-is-layout-flex\">\n<div class=\"wp-block-column is-layout-flow wp-block-column-is-layout-flow\" style=\"flex-basis:100%\">\n<div class=\"wp-block-columns is-layout-flex wp-container-core-columns-is-layout-9d6595d7 wp-block-columns-is-layout-flex\">\n<div class=\"wp-block-column is-layout-flow wp-block-column-is-layout-flow\" style=\"flex-basis:100%\"><!-- for each card -->\n<div class=\"cards-container columns columns-2 align-\">\n\n    <!-- scroll arrow left\/previous -->\n    \n\n    <div class=\"cards-list columns columns-2 align-\">\n\n\n                        \n            <!-- The card -->\n            <article class=\"card standard\" data-animate-onshow=\"show-card\">\n                \n                <!-- card link -->\n                <a href=\"https:\/\/www.streetchildrenofkinshasa.org\/fr\/?post_type=page&#038;p=576\"\n                                        >\n\n                    <!-- card image -->\n                    <div class=\"card-image\" style=\"background: no-repeat center \/ cover url('https:\/\/www.streetchildrenofkinshasa.org\/wp-content\/uploads\/2022\/06\/Francois-et-enfants-sur-pelouse.jpg')\">\n                    <\/div>\n\n                    <!-- card title -->\n                    <div class=\"card-content\">\n                        <h3 class=\"card-title\">Actualit\u00e9s<\/h3>\n                        <p class=\"card-subtitle\">Cliquez ici pour les nouvelles<\/p>\n                    <\/div>\n                <\/a>\n\n                \n\n            <\/article>\n\n\n                        \n            <!-- The card -->\n            <article class=\"card standard\" data-animate-onshow=\"show-card\">\n                \n                <!-- card link -->\n                <a href=\"https:\/\/www.streetchildrenofkinshasa.org\/fr\/?post_type=page&#038;p=27143\"\n                                        >\n\n                    <!-- card image -->\n                    <div class=\"card-image\" style=\"background: no-repeat center \/ cover url('https:\/\/www.streetchildrenofkinshasa.org\/wp-content\/uploads\/2022\/04\/Trois-petits-bouts.jpg')\">\n                    <\/div>\n\n                    <!-- card title -->\n                    <div class=\"card-content\">\n                        <h3 class=\"card-title\">NOTRE HISTOIRE<\/h3>\n                        <p class=\"card-subtitle\"><\/p>\n                    <\/div>\n                <\/a>\n\n                \n\n            <\/article>\n\n\n                        \n            <!-- The card -->\n            <article class=\"card standard\" data-animate-onshow=\"show-card\">\n                \n                <!-- card link -->\n                <a href=\"https:\/\/www.streetchildrenofkinshasa.org\/fr\/?post_type=page&#038;p=5\"\n                                        >\n\n                    <!-- card image -->\n                    <div class=\"card-image\" style=\"background: no-repeat center \/ cover url('https:\/\/www.streetchildrenofkinshasa.org\/wp-content\/uploads\/2022\/05\/Amitie.jpg')\">\n                    <\/div>\n\n                    <!-- card title -->\n                    <div class=\"card-content\">\n                        <h3 class=\"card-title\">NOTRE ACTION<\/h3>\n                        <p class=\"card-subtitle\"><\/p>\n                    <\/div>\n                <\/a>\n\n                \n\n            <\/article>\n\n\n                        \n            <!-- The card -->\n            <article class=\"card standard\" data-animate-onshow=\"show-card\">\n                \n                <!-- card link -->\n                <a href=\"https:\/\/www.streetchildrenofkinshasa.org\/fr\/?post_type=page&#038;p=26048\"\n                                        >\n\n                    <!-- card image -->\n                    <div class=\"card-image\" style=\"background: no-repeat center \/ cover url('https:\/\/www.streetchildrenofkinshasa.org\/wp-content\/uploads\/2022\/05\/Enfants-saut.jpg')\">\n                    <\/div>\n\n                    <!-- card title -->\n                    <div class=\"card-content\">\n                        <h3 class=\"card-title\">IMPACT<\/h3>\n                        <p class=\"card-subtitle\"><\/p>\n                    <\/div>\n                <\/a>\n\n                \n\n            <\/article>\n\n\n        \n    <\/div>\n\n\n    <!-- scroll arrow right\/next -->\n    \n\n<\/div>\n\n<\/div>\n<\/div>\n<\/div>\n<\/div>\n<\/div>\n<\/div>\n\n\n\n<div class=\"wp-block-columns is-layout-flex wp-container-core-columns-is-layout-9d6595d7 wp-block-columns-is-layout-flex\">\n<div class=\"wp-block-column is-layout-flow wp-block-column-is-layout-flow\">\n<p><strong><em>Leur famille ne leur reconna\u00eet pas le droit d&rsquo;aimer et d&rsquo;\u00eatre aim\u00e9s&#8230;<\/em><\/strong><\/p>\n\n\n\n<p><\/p>\n\n\n\n<p class=\"has-small-font-size\" style=\"line-height:1.7\">\u00ab\u00a0<em>La souffrance la plus terrible pour un enfant de la rue n&rsquo;est pas la d\u00e9tresse mat\u00e9rielle. En effet, ne pas manger \u00e0 sa faim ou tra\u00eener les pieds nus dans les rues de la ville est une indigence \u00e0 laquelle ils s&rsquo;habituent rapidement. La survie est un art qu&rsquo;ils ma\u00eetrisent sans tarder. Mais leurs c\u0153urs ne s&rsquo;apaisent pas pour autant, car s&rsquo;ils ont trouv\u00e9 refuge sur le trottoir, c&rsquo;est parce qu&rsquo;il leur a \u00e9t\u00e9 refus\u00e9 ce droit fondamental, s\u00e8ve de l&rsquo;\u00e2me : aimer et \u00eatre aim\u00e9. Quelque soit le motif pour lequel ils ont du fuir le foyer familial, c&rsquo;est toujours une situation dramatique qui cr\u00e9e fatalement dans les \u00e2mes une blessure profonde.<\/em>\u00ab\u00a0<\/p>\n\n\n\n<p>Matthieu Dauchez<\/p>\n<\/div>\n<\/div>\n\n\n\n<div class=\"wp-block-columns is-layout-flex wp-container-core-columns-is-layout-9d6595d7 wp-block-columns-is-layout-flex\">\n<div class=\"wp-block-column is-layout-flow wp-block-column-is-layout-flow\"><div class=\"wp-block-image\">\n<figure class=\"aligncenter size-large\"><img loading=\"lazy\" decoding=\"async\" width=\"1024\" height=\"319\" src=\"https:\/\/www.streetchildrenofkinshasa.org\/wp-content\/uploads\/2024\/11\/logos-Donateurs-corr-241120-1024x319.jpg\" alt=\"\" class=\"wp-image-44768\" srcset=\"https:\/\/www.streetchildrenofkinshasa.org\/wp-content\/uploads\/2024\/11\/logos-Donateurs-corr-241120-1024x319.jpg 1024w, https:\/\/www.streetchildrenofkinshasa.org\/wp-content\/uploads\/2024\/11\/logos-Donateurs-corr-241120-300x94.jpg 300w, https:\/\/www.streetchildrenofkinshasa.org\/wp-content\/uploads\/2024\/11\/logos-Donateurs-corr-241120-768x239.jpg 768w, https:\/\/www.streetchildrenofkinshasa.org\/wp-content\/uploads\/2024\/11\/logos-Donateurs-corr-241120.jpg 1200w\" sizes=\"auto, (max-width: 1024px) 100vw, 1024px\" \/><\/figure>\n<\/div><\/div>\n<\/div>\n","protected":false},"excerpt":{"rendered":"<p>Parce que la ruene donne pas naissance \u00e0 un enfant Parce que chaque enfant a droit \u00e0 une famille, \u00e0 \u00eatre consid\u00e9r\u00e9 et reconnu comme un espoir pour l\u2019avenir, parce que nous croyons que la r\u00e9conciliation dans les familles est un chemin essentiel pour la paix dans la soci\u00e9t\u00e9. Leur famille ne leur reconna\u00eet pas [&hellip;]<\/p>\n","protected":false},"author":11,"featured_media":27800,"parent":0,"menu_order":0,"comment_status":"closed","ping_status":"closed","template":"","meta":{"_acf_changed":false,"footnotes":""},"class_list":["post-27679","page","type-page","status-publish","has-post-thumbnail","hentry"],"acf":[],"yoast_head":"<!-- This site is optimized with the Yoast SEO plugin v27.5 - https:\/\/yoast.com\/product\/yoast-seo-wordpress\/ -->\n<title>NDAKO YA BISO - Ndako Ya Biso - Enfants de Kinshasa<\/title>\n<meta name=\"description\" content=\"Parce que la ruene donne pas naissance \u00e0 un enfant Parce que chaque enfant a droit \u00e0 une famille, \u00e0 \u00eatre consid\u00e9r\u00e9 et reconnu comme un espoir pour\" \/>\n<meta name=\"robots\" content=\"index, follow, max-snippet:-1, max-image-preview:large, max-video-preview:-1\" \/>\n<link rel=\"canonical\" href=\"https:\/\/www.streetchildrenofkinshasa.org\/fr\/\" \/>\n<meta property=\"og:locale\" content=\"fr_FR\" \/>\n<meta property=\"og:type\" content=\"article\" \/>\n<meta property=\"og:title\" content=\"NDAKO YA BISO - Ndako Ya Biso - Enfants de Kinshasa\" \/>\n<meta property=\"og:description\" content=\"Parce que la ruene donne pas naissance \u00e0 un enfant Parce que chaque enfant a droit \u00e0 une famille, \u00e0 \u00eatre consid\u00e9r\u00e9 et reconnu comme un espoir pour\" \/>\n<meta property=\"og:url\" content=\"https:\/\/www.streetchildrenofkinshasa.org\/fr\/\" \/>\n<meta property=\"og:site_name\" content=\"Ndako Ya Biso - Enfants de Kinshasa\" \/>\n<meta property=\"article:publisher\" content=\"https:\/\/www.facebook.com\/enfantsdelaruedekinshasa\/\" \/>\n<meta property=\"article:modified_time\" content=\"2024-11-20T10:14:27+00:00\" \/>\n<meta property=\"og:image\" content=\"https:\/\/www.streetchildrenofkinshasa.org\/wp-content\/uploads\/2022\/06\/Trois-petits-bouts.jpg\" \/>\n\t<meta property=\"og:image:width\" content=\"1478\" \/>\n\t<meta property=\"og:image:height\" content=\"744\" \/>\n\t<meta property=\"og:image:type\" content=\"image\/jpeg\" \/>\n<meta name=\"twitter:card\" content=\"summary_large_image\" \/>\n<meta name=\"twitter:label1\" content=\"Dur\u00e9e de lecture est.\" \/>\n\t<meta name=\"twitter:data1\" content=\"2 minutes\" \/>\n<script type=\"application\/ld+json\" class=\"yoast-schema-graph\">{\"@context\":\"https:\\\/\\\/schema.org\",\"@graph\":[{\"@type\":\"WebPage\",\"@id\":\"https:\\\/\\\/www.streetchildrenofkinshasa.org\\\/fr\\\/\",\"url\":\"https:\\\/\\\/www.streetchildrenofkinshasa.org\\\/fr\\\/\",\"name\":\"NDAKO YA BISO - Ndako Ya Biso - Enfants de Kinshasa\",\"isPartOf\":{\"@id\":\"https:\\\/\\\/www.streetchildrenofkinshasa.org\\\/fr\\\/#website\"},\"primaryImageOfPage\":{\"@id\":\"https:\\\/\\\/www.streetchildrenofkinshasa.org\\\/fr\\\/#primaryimage\"},\"image\":{\"@id\":\"https:\\\/\\\/www.streetchildrenofkinshasa.org\\\/fr\\\/#primaryimage\"},\"thumbnailUrl\":\"https:\\\/\\\/www.streetchildrenofkinshasa.org\\\/wp-content\\\/uploads\\\/2022\\\/06\\\/Trois-petits-bouts.jpg\",\"datePublished\":\"2022-06-08T14:27:21+00:00\",\"dateModified\":\"2024-11-20T10:14:27+00:00\",\"description\":\"Parce que la ruene donne pas naissance \u00e0 un enfant Parce que chaque enfant a droit \u00e0 une famille, \u00e0 \u00eatre consid\u00e9r\u00e9 et reconnu comme un espoir pour\",\"breadcrumb\":{\"@id\":\"https:\\\/\\\/www.streetchildrenofkinshasa.org\\\/fr\\\/#breadcrumb\"},\"inLanguage\":\"fr-BE\",\"potentialAction\":[{\"@type\":\"ReadAction\",\"target\":[\"https:\\\/\\\/www.streetchildrenofkinshasa.org\\\/fr\\\/\"]}]},{\"@type\":\"ImageObject\",\"inLanguage\":\"fr-BE\",\"@id\":\"https:\\\/\\\/www.streetchildrenofkinshasa.org\\\/fr\\\/#primaryimage\",\"url\":\"https:\\\/\\\/www.streetchildrenofkinshasa.org\\\/wp-content\\\/uploads\\\/2022\\\/06\\\/Trois-petits-bouts.jpg\",\"contentUrl\":\"https:\\\/\\\/www.streetchildrenofkinshasa.org\\\/wp-content\\\/uploads\\\/2022\\\/06\\\/Trois-petits-bouts.jpg\",\"width\":1478,\"height\":744},{\"@type\":\"BreadcrumbList\",\"@id\":\"https:\\\/\\\/www.streetchildrenofkinshasa.org\\\/fr\\\/#breadcrumb\",\"itemListElement\":[{\"@type\":\"ListItem\",\"position\":1,\"name\":\"Home\",\"item\":\"https:\\\/\\\/www.streetchildrenofkinshasa.org\\\/fr\\\/\"},{\"@type\":\"ListItem\",\"position\":2,\"name\":\"NDAKO YA BISO\"}]},{\"@type\":\"WebSite\",\"@id\":\"https:\\\/\\\/www.streetchildrenofkinshasa.org\\\/fr\\\/#website\",\"url\":\"https:\\\/\\\/www.streetchildrenofkinshasa.org\\\/fr\\\/\",\"name\":\"Ndako Ya Biso - Enfants de Kinshasa\",\"description\":\"Donnons aux enfants des rues de Kinshasa un espoir et un avenir.\",\"publisher\":{\"@id\":\"https:\\\/\\\/www.streetchildrenofkinshasa.org\\\/fr\\\/#organization\"},\"potentialAction\":[{\"@type\":\"SearchAction\",\"target\":{\"@type\":\"EntryPoint\",\"urlTemplate\":\"https:\\\/\\\/www.streetchildrenofkinshasa.org\\\/fr\\\/?s={search_term_string}\"},\"query-input\":{\"@type\":\"PropertyValueSpecification\",\"valueRequired\":true,\"valueName\":\"search_term_string\"}}],\"inLanguage\":\"fr-BE\"},{\"@type\":\"Organization\",\"@id\":\"https:\\\/\\\/www.streetchildrenofkinshasa.org\\\/fr\\\/#organization\",\"name\":\"Communaut\u00e9 du Chemin Neuf\",\"url\":\"https:\\\/\\\/www.streetchildrenofkinshasa.org\\\/fr\\\/\",\"logo\":{\"@type\":\"ImageObject\",\"inLanguage\":\"fr-BE\",\"@id\":\"https:\\\/\\\/www.streetchildrenofkinshasa.org\\\/fr\\\/#\\\/schema\\\/logo\\\/image\\\/\",\"url\":\"https:\\\/\\\/www.streetchildrenofkinshasa.org\\\/wp-content\\\/uploads\\\/2022\\\/05\\\/logo-cte-couleur_evide.png\",\"contentUrl\":\"https:\\\/\\\/www.streetchildrenofkinshasa.org\\\/wp-content\\\/uploads\\\/2022\\\/05\\\/logo-cte-couleur_evide.png\",\"width\":1280,\"height\":736,\"caption\":\"Communaut\u00e9 du Chemin Neuf\"},\"image\":{\"@id\":\"https:\\\/\\\/www.streetchildrenofkinshasa.org\\\/fr\\\/#\\\/schema\\\/logo\\\/image\\\/\"},\"sameAs\":[\"https:\\\/\\\/www.facebook.com\\\/enfantsdelaruedekinshasa\\\/\",\"https:\\\/\\\/www.youtube.com\\\/channel\\\/UCIDv6Uc3gdp1RP_HrlK5VHw\"]}]}<\/script>\n<!-- \/ Yoast SEO plugin. -->","yoast_head_json":{"title":"NDAKO YA BISO - Ndako Ya Biso - Enfants de Kinshasa","description":"Parce que la ruene donne pas naissance \u00e0 un enfant Parce que chaque enfant a droit \u00e0 une famille, \u00e0 \u00eatre consid\u00e9r\u00e9 et reconnu comme un espoir pour","robots":{"index":"index","follow":"follow","max-snippet":"max-snippet:-1","max-image-preview":"max-image-preview:large","max-video-preview":"max-video-preview:-1"},"canonical":"https:\/\/www.streetchildrenofkinshasa.org\/fr\/","og_locale":"fr_FR","og_type":"article","og_title":"NDAKO YA BISO - Ndako Ya Biso - Enfants de Kinshasa","og_description":"Parce que la ruene donne pas naissance \u00e0 un enfant Parce que chaque enfant a droit \u00e0 une famille, \u00e0 \u00eatre consid\u00e9r\u00e9 et reconnu comme un espoir pour","og_url":"https:\/\/www.streetchildrenofkinshasa.org\/fr\/","og_site_name":"Ndako Ya Biso - Enfants de Kinshasa","article_publisher":"https:\/\/www.facebook.com\/enfantsdelaruedekinshasa\/","article_modified_time":"2024-11-20T10:14:27+00:00","og_image":[{"width":1478,"height":744,"url":"https:\/\/www.streetchildrenofkinshasa.org\/wp-content\/uploads\/2022\/06\/Trois-petits-bouts.jpg","type":"image\/jpeg"}],"twitter_card":"summary_large_image","twitter_misc":{"Dur\u00e9e de lecture est.":"2 minutes"},"schema":{"@context":"https:\/\/schema.org","@graph":[{"@type":"WebPage","@id":"https:\/\/www.streetchildrenofkinshasa.org\/fr\/","url":"https:\/\/www.streetchildrenofkinshasa.org\/fr\/","name":"NDAKO YA BISO - Ndako Ya Biso - Enfants de Kinshasa","isPartOf":{"@id":"https:\/\/www.streetchildrenofkinshasa.org\/fr\/#website"},"primaryImageOfPage":{"@id":"https:\/\/www.streetchildrenofkinshasa.org\/fr\/#primaryimage"},"image":{"@id":"https:\/\/www.streetchildrenofkinshasa.org\/fr\/#primaryimage"},"thumbnailUrl":"https:\/\/www.streetchildrenofkinshasa.org\/wp-content\/uploads\/2022\/06\/Trois-petits-bouts.jpg","datePublished":"2022-06-08T14:27:21+00:00","dateModified":"2024-11-20T10:14:27+00:00","description":"Parce que la ruene donne pas naissance \u00e0 un enfant Parce que chaque enfant a droit \u00e0 une famille, \u00e0 \u00eatre consid\u00e9r\u00e9 et reconnu comme un espoir pour","breadcrumb":{"@id":"https:\/\/www.streetchildrenofkinshasa.org\/fr\/#breadcrumb"},"inLanguage":"fr-BE","potentialAction":[{"@type":"ReadAction","target":["https:\/\/www.streetchildrenofkinshasa.org\/fr\/"]}]},{"@type":"ImageObject","inLanguage":"fr-BE","@id":"https:\/\/www.streetchildrenofkinshasa.org\/fr\/#primaryimage","url":"https:\/\/www.streetchildrenofkinshasa.org\/wp-content\/uploads\/2022\/06\/Trois-petits-bouts.jpg","contentUrl":"https:\/\/www.streetchildrenofkinshasa.org\/wp-content\/uploads\/2022\/06\/Trois-petits-bouts.jpg","width":1478,"height":744},{"@type":"BreadcrumbList","@id":"https:\/\/www.streetchildrenofkinshasa.org\/fr\/#breadcrumb","itemListElement":[{"@type":"ListItem","position":1,"name":"Home","item":"https:\/\/www.streetchildrenofkinshasa.org\/fr\/"},{"@type":"ListItem","position":2,"name":"NDAKO YA BISO"}]},{"@type":"WebSite","@id":"https:\/\/www.streetchildrenofkinshasa.org\/fr\/#website","url":"https:\/\/www.streetchildrenofkinshasa.org\/fr\/","name":"Ndako Ya Biso - Enfants de Kinshasa","description":"Donnons aux enfants des rues de Kinshasa un espoir et un avenir.","publisher":{"@id":"https:\/\/www.streetchildrenofkinshasa.org\/fr\/#organization"},"potentialAction":[{"@type":"SearchAction","target":{"@type":"EntryPoint","urlTemplate":"https:\/\/www.streetchildrenofkinshasa.org\/fr\/?s={search_term_string}"},"query-input":{"@type":"PropertyValueSpecification","valueRequired":true,"valueName":"search_term_string"}}],"inLanguage":"fr-BE"},{"@type":"Organization","@id":"https:\/\/www.streetchildrenofkinshasa.org\/fr\/#organization","name":"Communaut\u00e9 du Chemin Neuf","url":"https:\/\/www.streetchildrenofkinshasa.org\/fr\/","logo":{"@type":"ImageObject","inLanguage":"fr-BE","@id":"https:\/\/www.streetchildrenofkinshasa.org\/fr\/#\/schema\/logo\/image\/","url":"https:\/\/www.streetchildrenofkinshasa.org\/wp-content\/uploads\/2022\/05\/logo-cte-couleur_evide.png","contentUrl":"https:\/\/www.streetchildrenofkinshasa.org\/wp-content\/uploads\/2022\/05\/logo-cte-couleur_evide.png","width":1280,"height":736,"caption":"Communaut\u00e9 du Chemin Neuf"},"image":{"@id":"https:\/\/www.streetchildrenofkinshasa.org\/fr\/#\/schema\/logo\/image\/"},"sameAs":["https:\/\/www.facebook.com\/enfantsdelaruedekinshasa\/","https:\/\/www.youtube.com\/channel\/UCIDv6Uc3gdp1RP_HrlK5VHw"]}]}},"_links":{"self":[{"href":"https:\/\/www.streetchildrenofkinshasa.org\/fr\/wp-json\/wp\/v2\/pages\/27679","targetHints":{"allow":["GET"]}}],"collection":[{"href":"https:\/\/www.streetchildrenofkinshasa.org\/fr\/wp-json\/wp\/v2\/pages"}],"about":[{"href":"https:\/\/www.streetchildrenofkinshasa.org\/fr\/wp-json\/wp\/v2\/types\/page"}],"author":[{"embeddable":true,"href":"https:\/\/www.streetchildrenofkinshasa.org\/fr\/wp-json\/wp\/v2\/users\/11"}],"replies":[{"embeddable":true,"href":"https:\/\/www.streetchildrenofkinshasa.org\/fr\/wp-json\/wp\/v2\/comments?post=27679"}],"version-history":[{"count":48,"href":"https:\/\/www.streetchildrenofkinshasa.org\/fr\/wp-json\/wp\/v2\/pages\/27679\/revisions"}],"predecessor-version":[{"id":44771,"href":"https:\/\/www.streetchildrenofkinshasa.org\/fr\/wp-json\/wp\/v2\/pages\/27679\/revisions\/44771"}],"wp:featuredmedia":[{"embeddable":true,"href":"https:\/\/www.streetchildrenofkinshasa.org\/fr\/wp-json\/wp\/v2\/media\/27800"}],"wp:attachment":[{"href":"https:\/\/www.streetchildrenofkinshasa.org\/fr\/wp-json\/wp\/v2\/media?parent=27679"}],"curies":[{"name":"wp","href":"https:\/\/api.w.org\/{rel}","templated":true}]}}