{"id":26066,"date":"2022-04-20T06:07:01","date_gmt":"2022-04-20T04:07:01","guid":{"rendered":"https:\/\/next.streetchildrenofkinshasa.org\/?page_id=26066"},"modified":"2022-06-15T15:50:58","modified_gmt":"2022-06-15T13:50:58","slug":"faire-un-don","status":"publish","type":"page","link":"https:\/\/www.streetchildrenofkinshasa.org\/fr\/faire-un-don\/","title":{"rendered":"NOUS AIDER"},"content":{"rendered":"\n<div class=\"wp-block-columns alignwide is-style-default is-layout-flex wp-container-core-columns-is-layout-9d6595d7 wp-block-columns-is-layout-flex\">\n<div class=\"wp-block-column is-layout-flow wp-block-column-is-layout-flow\" style=\"flex-basis:50%\">\n<figure class=\"wp-block-table\"><table><tbody><tr><th>Les frais scolaires trimestriels<\/th><th>23\u20ac<\/th><\/tr><tr><th>Un nouvel uniforme scolaire<\/th><th>13\u20ac<\/th><\/tr><tr><th>Un cartable et mat\u00e9riel scolaire<\/th><th>8\u20ac<\/th><\/tr><tr><th>Un salaire mensuel d\u2019un travailleur social<\/th><th>190\u20ac<\/th><\/tr><tr><th>Nourrir 50 enfants pendant une semaine dans nos centres<\/th><th>300\u20ac<\/th><\/tr><tr><th>Les frais du dispensaire par semaine<\/th><th>240\u20ac<\/th><\/tr><tr><th>Le soutien mensuel pour un jeune en formation professionnelle<\/th><th>16\u20ac<\/th><\/tr><tr><th>Financer un micro-cr\u00e9dit minimum pour aider la r\u00e9unification<\/th><th>32\u20ac<\/th><\/tr><\/tbody><\/table><\/figure>\n<\/div>\n\n\n\n<div class=\"wp-block-column is-layout-flow wp-block-column-is-layout-flow\"><!-- for each card -->\n<div class=\"cards-container columns columns-2 align-\">\n\n    <!-- scroll arrow left\/previous -->\n    \n\n    <div class=\"cards-list columns columns-2 align-\">\n\n\n                        \n            <!-- The card -->\n            <article class=\"card standard\" data-animate-onshow=\"show-card\">\n                \n                <!-- card link -->\n                <a href=\"https:\/\/www.streetchildrenofkinshasa.org\/fr\/faire-un-don\/don-belgique\/\"\n                                        >\n\n                    <!-- card image -->\n                    <div class=\"card-image\" style=\"background: no-repeat center \/ cover url('https:\/\/www.streetchildrenofkinshasa.org\/wp-content\/uploads\/2022\/06\/Dons-Be-3.jpg')\">\n                    <\/div>\n\n                    <!-- card title -->\n                    <div class=\"card-content\">\n                        <h3 class=\"card-title\"><\/h3>\n                        <p class=\"card-subtitle\"><\/p>\n                    <\/div>\n                <\/a>\n\n                \n\n            <\/article>\n\n\n                        \n            <!-- The card -->\n            <article class=\"card standard\" data-animate-onshow=\"show-card\">\n                \n                <!-- card link -->\n                <a href=\"http:\/\/dons.chemin-neuf.fr\/lien-site-ndako-ya-biso\"\n                    target=\"_blank\"                    >\n\n                    <!-- card image -->\n                    <div class=\"card-image\" style=\"background: no-repeat center \/ cover url('https:\/\/www.streetchildrenofkinshasa.org\/wp-content\/uploads\/2022\/06\/Don-FR.jpg')\">\n                    <\/div>\n\n                    <!-- card title -->\n                    <div class=\"card-content\">\n                        <h3 class=\"card-title\"><\/h3>\n                        <p class=\"card-subtitle\"><\/p>\n                    <\/div>\n                <\/a>\n\n                \n\n            <\/article>\n\n\n        \n    <\/div>\n\n\n    <!-- scroll arrow right\/next -->\n    \n\n<\/div>\n\n<\/div>\n<\/div>\n\n\n\n<p><\/p>\n","protected":false},"excerpt":{"rendered":"<p>Les frais scolaires trimestriels 23\u20ac Un nouvel uniforme scolaire 13\u20ac Un cartable et mat\u00e9riel scolaire 8\u20ac Un salaire mensuel d\u2019un travailleur social 190\u20ac Nourrir 50 enfants pendant une semaine dans nos centres 300\u20ac Les frais du dispensaire par semaine 240\u20ac Le soutien mensuel pour un jeune en formation professionnelle 16\u20ac Financer un micro-cr\u00e9dit minimum pour [&hellip;]<\/p>\n","protected":false},"author":11,"featured_media":25819,"parent":0,"menu_order":1,"comment_status":"closed","ping_status":"closed","template":"","meta":{"_acf_changed":false,"footnotes":""},"class_list":["post-26066","page","type-page","status-publish","has-post-thumbnail","hentry"],"acf":[],"yoast_head":"<!-- This site is optimized with the Yoast SEO plugin v27.5 - https:\/\/yoast.com\/product\/yoast-seo-wordpress\/ -->\n<title>La Communaut\u00e9 du Chemin Neuf en Belgique<\/title>\n<meta name=\"description\" content=\"Donnons aux enfants des rues de Kinshasa un espoir et un avenir. Ndako Ya Biso - Enfants de Kinshasa Une communaut\u00e9 catholique \u00e0 vocation \u0153cum\u00e9nique\" \/>\n<meta name=\"robots\" content=\"index, follow, max-snippet:-1, max-image-preview:large, max-video-preview:-1\" \/>\n<link rel=\"canonical\" href=\"https:\/\/www.streetchildrenofkinshasa.org\/fr\/faire-un-don\/\" \/>\n<meta property=\"og:locale\" content=\"fr_FR\" \/>\n<meta property=\"og:type\" content=\"article\" \/>\n<meta property=\"og:title\" content=\"La Communaut\u00e9 du Chemin Neuf en Belgique\" \/>\n<meta property=\"og:description\" content=\"Donnons aux enfants des rues de Kinshasa un espoir et un avenir. Ndako Ya Biso - Enfants de Kinshasa Une communaut\u00e9 catholique \u00e0 vocation \u0153cum\u00e9nique\" \/>\n<meta property=\"og:url\" content=\"https:\/\/www.streetchildrenofkinshasa.org\/fr\/faire-un-don\/\" \/>\n<meta property=\"og:site_name\" content=\"Ndako Ya Biso - Enfants de Kinshasa\" \/>\n<meta property=\"article:publisher\" content=\"https:\/\/www.facebook.com\/enfantsdelaruedekinshasa\/\" \/>\n<meta property=\"article:modified_time\" content=\"2022-06-15T13:50:58+00:00\" \/>\n<meta property=\"og:image\" content=\"https:\/\/www.streetchildrenofkinshasa.org\/wp-content\/uploads\/2022\/04\/Photo-pour-jaquette-scaled.jpg\" \/>\n\t<meta property=\"og:image:width\" content=\"2560\" \/>\n\t<meta property=\"og:image:height\" content=\"1707\" \/>\n\t<meta property=\"og:image:type\" content=\"image\/jpeg\" \/>\n<meta name=\"twitter:card\" content=\"summary_large_image\" \/>\n<meta name=\"twitter:label1\" content=\"Dur\u00e9e de lecture est.\" \/>\n\t<meta name=\"twitter:data1\" content=\"1 minute\" \/>\n<script type=\"application\/ld+json\" class=\"yoast-schema-graph\">{\"@context\":\"https:\\\/\\\/schema.org\",\"@graph\":[{\"@type\":\"WebPage\",\"@id\":\"https:\\\/\\\/www.streetchildrenofkinshasa.org\\\/fr\\\/faire-un-don\\\/\",\"url\":\"https:\\\/\\\/www.streetchildrenofkinshasa.org\\\/fr\\\/faire-un-don\\\/\",\"name\":\"La Communaut\u00e9 du Chemin Neuf en Belgique\",\"isPartOf\":{\"@id\":\"https:\\\/\\\/www.streetchildrenofkinshasa.org\\\/fr\\\/#website\"},\"primaryImageOfPage\":{\"@id\":\"https:\\\/\\\/www.streetchildrenofkinshasa.org\\\/fr\\\/faire-un-don\\\/#primaryimage\"},\"image\":{\"@id\":\"https:\\\/\\\/www.streetchildrenofkinshasa.org\\\/fr\\\/faire-un-don\\\/#primaryimage\"},\"thumbnailUrl\":\"https:\\\/\\\/www.streetchildrenofkinshasa.org\\\/wp-content\\\/uploads\\\/2022\\\/04\\\/Photo-pour-jaquette-scaled.jpg\",\"datePublished\":\"2022-04-20T04:07:01+00:00\",\"dateModified\":\"2022-06-15T13:50:58+00:00\",\"description\":\"Donnons aux enfants des rues de Kinshasa un espoir et un avenir. Ndako Ya Biso - Enfants de Kinshasa Une communaut\u00e9 catholique \u00e0 vocation \u0153cum\u00e9nique\",\"breadcrumb\":{\"@id\":\"https:\\\/\\\/www.streetchildrenofkinshasa.org\\\/fr\\\/faire-un-don\\\/#breadcrumb\"},\"inLanguage\":\"fr-BE\",\"potentialAction\":[{\"@type\":\"ReadAction\",\"target\":[\"https:\\\/\\\/www.streetchildrenofkinshasa.org\\\/fr\\\/faire-un-don\\\/\"]}]},{\"@type\":\"ImageObject\",\"inLanguage\":\"fr-BE\",\"@id\":\"https:\\\/\\\/www.streetchildrenofkinshasa.org\\\/fr\\\/faire-un-don\\\/#primaryimage\",\"url\":\"https:\\\/\\\/www.streetchildrenofkinshasa.org\\\/wp-content\\\/uploads\\\/2022\\\/04\\\/Photo-pour-jaquette-scaled.jpg\",\"contentUrl\":\"https:\\\/\\\/www.streetchildrenofkinshasa.org\\\/wp-content\\\/uploads\\\/2022\\\/04\\\/Photo-pour-jaquette-scaled.jpg\",\"width\":2560,\"height\":1707,\"caption\":\"Trois enfants au Centre\"},{\"@type\":\"BreadcrumbList\",\"@id\":\"https:\\\/\\\/www.streetchildrenofkinshasa.org\\\/fr\\\/faire-un-don\\\/#breadcrumb\",\"itemListElement\":[{\"@type\":\"ListItem\",\"position\":1,\"name\":\"Home\",\"item\":\"https:\\\/\\\/www.streetchildrenofkinshasa.org\\\/fr\\\/\"},{\"@type\":\"ListItem\",\"position\":2,\"name\":\"NOUS AIDER\"}]},{\"@type\":\"WebSite\",\"@id\":\"https:\\\/\\\/www.streetchildrenofkinshasa.org\\\/fr\\\/#website\",\"url\":\"https:\\\/\\\/www.streetchildrenofkinshasa.org\\\/fr\\\/\",\"name\":\"Ndako Ya Biso - Enfants de Kinshasa\",\"description\":\"Donnons aux enfants des rues de Kinshasa un espoir et un avenir.\",\"publisher\":{\"@id\":\"https:\\\/\\\/www.streetchildrenofkinshasa.org\\\/fr\\\/#organization\"},\"potentialAction\":[{\"@type\":\"SearchAction\",\"target\":{\"@type\":\"EntryPoint\",\"urlTemplate\":\"https:\\\/\\\/www.streetchildrenofkinshasa.org\\\/fr\\\/?s={search_term_string}\"},\"query-input\":{\"@type\":\"PropertyValueSpecification\",\"valueRequired\":true,\"valueName\":\"search_term_string\"}}],\"inLanguage\":\"fr-BE\"},{\"@type\":\"Organization\",\"@id\":\"https:\\\/\\\/www.streetchildrenofkinshasa.org\\\/fr\\\/#organization\",\"name\":\"Communaut\u00e9 du Chemin Neuf\",\"url\":\"https:\\\/\\\/www.streetchildrenofkinshasa.org\\\/fr\\\/\",\"logo\":{\"@type\":\"ImageObject\",\"inLanguage\":\"fr-BE\",\"@id\":\"https:\\\/\\\/www.streetchildrenofkinshasa.org\\\/fr\\\/#\\\/schema\\\/logo\\\/image\\\/\",\"url\":\"https:\\\/\\\/www.streetchildrenofkinshasa.org\\\/wp-content\\\/uploads\\\/2022\\\/05\\\/logo-cte-couleur_evide.png\",\"contentUrl\":\"https:\\\/\\\/www.streetchildrenofkinshasa.org\\\/wp-content\\\/uploads\\\/2022\\\/05\\\/logo-cte-couleur_evide.png\",\"width\":1280,\"height\":736,\"caption\":\"Communaut\u00e9 du Chemin Neuf\"},\"image\":{\"@id\":\"https:\\\/\\\/www.streetchildrenofkinshasa.org\\\/fr\\\/#\\\/schema\\\/logo\\\/image\\\/\"},\"sameAs\":[\"https:\\\/\\\/www.facebook.com\\\/enfantsdelaruedekinshasa\\\/\",\"https:\\\/\\\/www.youtube.com\\\/channel\\\/UCIDv6Uc3gdp1RP_HrlK5VHw\"]}]}<\/script>\n<!-- \/ Yoast SEO plugin. -->","yoast_head_json":{"title":"La Communaut\u00e9 du Chemin Neuf en Belgique","description":"Donnons aux enfants des rues de Kinshasa un espoir et un avenir. Ndako Ya Biso - Enfants de Kinshasa Une communaut\u00e9 catholique \u00e0 vocation \u0153cum\u00e9nique","robots":{"index":"index","follow":"follow","max-snippet":"max-snippet:-1","max-image-preview":"max-image-preview:large","max-video-preview":"max-video-preview:-1"},"canonical":"https:\/\/www.streetchildrenofkinshasa.org\/fr\/faire-un-don\/","og_locale":"fr_FR","og_type":"article","og_title":"La Communaut\u00e9 du Chemin Neuf en Belgique","og_description":"Donnons aux enfants des rues de Kinshasa un espoir et un avenir. Ndako Ya Biso - Enfants de Kinshasa Une communaut\u00e9 catholique \u00e0 vocation \u0153cum\u00e9nique","og_url":"https:\/\/www.streetchildrenofkinshasa.org\/fr\/faire-un-don\/","og_site_name":"Ndako Ya Biso - Enfants de Kinshasa","article_publisher":"https:\/\/www.facebook.com\/enfantsdelaruedekinshasa\/","article_modified_time":"2022-06-15T13:50:58+00:00","og_image":[{"width":2560,"height":1707,"url":"https:\/\/www.streetchildrenofkinshasa.org\/wp-content\/uploads\/2022\/04\/Photo-pour-jaquette-scaled.jpg","type":"image\/jpeg"}],"twitter_card":"summary_large_image","twitter_misc":{"Dur\u00e9e de lecture est.":"1 minute"},"schema":{"@context":"https:\/\/schema.org","@graph":[{"@type":"WebPage","@id":"https:\/\/www.streetchildrenofkinshasa.org\/fr\/faire-un-don\/","url":"https:\/\/www.streetchildrenofkinshasa.org\/fr\/faire-un-don\/","name":"La Communaut\u00e9 du Chemin Neuf en Belgique","isPartOf":{"@id":"https:\/\/www.streetchildrenofkinshasa.org\/fr\/#website"},"primaryImageOfPage":{"@id":"https:\/\/www.streetchildrenofkinshasa.org\/fr\/faire-un-don\/#primaryimage"},"image":{"@id":"https:\/\/www.streetchildrenofkinshasa.org\/fr\/faire-un-don\/#primaryimage"},"thumbnailUrl":"https:\/\/www.streetchildrenofkinshasa.org\/wp-content\/uploads\/2022\/04\/Photo-pour-jaquette-scaled.jpg","datePublished":"2022-04-20T04:07:01+00:00","dateModified":"2022-06-15T13:50:58+00:00","description":"Donnons aux enfants des rues de Kinshasa un espoir et un avenir. Ndako Ya Biso - Enfants de Kinshasa Une communaut\u00e9 catholique \u00e0 vocation \u0153cum\u00e9nique","breadcrumb":{"@id":"https:\/\/www.streetchildrenofkinshasa.org\/fr\/faire-un-don\/#breadcrumb"},"inLanguage":"fr-BE","potentialAction":[{"@type":"ReadAction","target":["https:\/\/www.streetchildrenofkinshasa.org\/fr\/faire-un-don\/"]}]},{"@type":"ImageObject","inLanguage":"fr-BE","@id":"https:\/\/www.streetchildrenofkinshasa.org\/fr\/faire-un-don\/#primaryimage","url":"https:\/\/www.streetchildrenofkinshasa.org\/wp-content\/uploads\/2022\/04\/Photo-pour-jaquette-scaled.jpg","contentUrl":"https:\/\/www.streetchildrenofkinshasa.org\/wp-content\/uploads\/2022\/04\/Photo-pour-jaquette-scaled.jpg","width":2560,"height":1707,"caption":"Trois enfants au Centre"},{"@type":"BreadcrumbList","@id":"https:\/\/www.streetchildrenofkinshasa.org\/fr\/faire-un-don\/#breadcrumb","itemListElement":[{"@type":"ListItem","position":1,"name":"Home","item":"https:\/\/www.streetchildrenofkinshasa.org\/fr\/"},{"@type":"ListItem","position":2,"name":"NOUS AIDER"}]},{"@type":"WebSite","@id":"https:\/\/www.streetchildrenofkinshasa.org\/fr\/#website","url":"https:\/\/www.streetchildrenofkinshasa.org\/fr\/","name":"Ndako Ya Biso - Enfants de Kinshasa","description":"Donnons aux enfants des rues de Kinshasa un espoir et un avenir.","publisher":{"@id":"https:\/\/www.streetchildrenofkinshasa.org\/fr\/#organization"},"potentialAction":[{"@type":"SearchAction","target":{"@type":"EntryPoint","urlTemplate":"https:\/\/www.streetchildrenofkinshasa.org\/fr\/?s={search_term_string}"},"query-input":{"@type":"PropertyValueSpecification","valueRequired":true,"valueName":"search_term_string"}}],"inLanguage":"fr-BE"},{"@type":"Organization","@id":"https:\/\/www.streetchildrenofkinshasa.org\/fr\/#organization","name":"Communaut\u00e9 du Chemin Neuf","url":"https:\/\/www.streetchildrenofkinshasa.org\/fr\/","logo":{"@type":"ImageObject","inLanguage":"fr-BE","@id":"https:\/\/www.streetchildrenofkinshasa.org\/fr\/#\/schema\/logo\/image\/","url":"https:\/\/www.streetchildrenofkinshasa.org\/wp-content\/uploads\/2022\/05\/logo-cte-couleur_evide.png","contentUrl":"https:\/\/www.streetchildrenofkinshasa.org\/wp-content\/uploads\/2022\/05\/logo-cte-couleur_evide.png","width":1280,"height":736,"caption":"Communaut\u00e9 du Chemin Neuf"},"image":{"@id":"https:\/\/www.streetchildrenofkinshasa.org\/fr\/#\/schema\/logo\/image\/"},"sameAs":["https:\/\/www.facebook.com\/enfantsdelaruedekinshasa\/","https:\/\/www.youtube.com\/channel\/UCIDv6Uc3gdp1RP_HrlK5VHw"]}]}},"_links":{"self":[{"href":"https:\/\/www.streetchildrenofkinshasa.org\/fr\/wp-json\/wp\/v2\/pages\/26066","targetHints":{"allow":["GET"]}}],"collection":[{"href":"https:\/\/www.streetchildrenofkinshasa.org\/fr\/wp-json\/wp\/v2\/pages"}],"about":[{"href":"https:\/\/www.streetchildrenofkinshasa.org\/fr\/wp-json\/wp\/v2\/types\/page"}],"author":[{"embeddable":true,"href":"https:\/\/www.streetchildrenofkinshasa.org\/fr\/wp-json\/wp\/v2\/users\/11"}],"replies":[{"embeddable":true,"href":"https:\/\/www.streetchildrenofkinshasa.org\/fr\/wp-json\/wp\/v2\/comments?post=26066"}],"version-history":[{"count":22,"href":"https:\/\/www.streetchildrenofkinshasa.org\/fr\/wp-json\/wp\/v2\/pages\/26066\/revisions"}],"predecessor-version":[{"id":28232,"href":"https:\/\/www.streetchildrenofkinshasa.org\/fr\/wp-json\/wp\/v2\/pages\/26066\/revisions\/28232"}],"wp:featuredmedia":[{"embeddable":true,"href":"https:\/\/www.streetchildrenofkinshasa.org\/fr\/wp-json\/wp\/v2\/media\/25819"}],"wp:attachment":[{"href":"https:\/\/www.streetchildrenofkinshasa.org\/fr\/wp-json\/wp\/v2\/media?parent=26066"}],"curies":[{"name":"wp","href":"https:\/\/api.w.org\/{rel}","templated":true}]}}