{"id":27485,"date":"2022-04-20T06:05:11","date_gmt":"2022-04-20T04:05:11","guid":{"rendered":"https:\/\/next.streetchildrenofkinshasa.org\/temoignages\/"},"modified":"2022-06-24T15:18:52","modified_gmt":"2022-06-24T13:18:52","slug":"temoignages","status":"publish","type":"page","link":"https:\/\/www.streetchildrenofkinshasa.org\/en\/temoignages\/","title":{"rendered":"T\u00e9moignages"},"content":{"rendered":"\n<div class=\"wp-block-columns alignwide are-vertically-aligned-top is-style-default is-layout-flex wp-container-core-columns-is-layout-9d6595d7 wp-block-columns-is-layout-flex\">\n<div class=\"wp-block-column is-vertically-aligned-top is-layout-flow wp-block-column-is-layout-flow\" style=\"flex-basis:50%\">\n<h3 class=\"has-black-color has-text-color wp-block-heading\">Les enfants racontent<\/h3>\n\n\n\n<p style=\"line-height:1.6\">Enfants trafiqu\u00e9s,<br>Enfants perdus,<br>Enfants accus\u00e9s de sorcellerie,<br>Familles o\u00f9 r\u00e8gne une trop grande mis\u00e8re &#8230;.,<br>Ces enfants nous t\u00e9moignent de leur parcours douloureux, et de leur esp\u00e9rance &#8230;.<\/p>\n\n\n\n<p style=\"line-height:1.6\"><\/p>\n<\/div>\n\n\n\n<div class=\"wp-block-column is-vertically-aligned-top is-layout-flow wp-block-column-is-layout-flow\"><!-- for each card -->\n<div class=\"cards-container columns columns-3 align-\">\n\n    <!-- scroll arrow left\/previous -->\n    \n\n    <div class=\"cards-list columns columns-3 align-\">\n\n\n                        \n            <!-- The card -->\n            <article class=\"card standard\" data-animate-onshow=\"show-card\">\n                \n                <!-- card link -->\n                <a href=\"https:\/\/www.streetchildrenofkinshasa.org\/fr\/temoignages\/daniel-a-ete-kidnappe\/\"\n                                        >\n\n                    <!-- card image -->\n                    <div class=\"card-image\" style=\"background: no-repeat center \/ cover url('https:\/\/www.streetchildrenofkinshasa.org\/wp-content\/uploads\/2022\/05\/Daniel-recadre-1.jpg')\">\n                    <\/div>\n\n                    <!-- card title -->\n                    <div class=\"card-content\">\n                        <h3 class=\"card-title\">Daniel a \u00e9t\u00e9 kidnapp\u00e9<\/h3>\n                        <p class=\"card-subtitle\">Cliquez ici pour lire l&#8217;article<\/p>\n                    <\/div>\n                <\/a>\n\n                \n\n            <\/article>\n\n\n                        \n            <!-- The card -->\n            <article class=\"card standard\" data-animate-onshow=\"show-card\">\n                \n                <!-- card link -->\n                <a href=\"https:\/\/www.streetchildrenofkinshasa.org\/fr\/?post_type=page&#038;p=26949\"\n                                        >\n\n                    <!-- card image -->\n                    <div class=\"card-image\" style=\"background: no-repeat center \/ cover url('https:\/\/www.streetchildrenofkinshasa.org\/wp-content\/uploads\/2022\/05\/Coeur-des-mamans.jpg')\">\n                    <\/div>\n\n                    <!-- card title -->\n                    <div class=\"card-content\">\n                        <h3 class=\"card-title\">La visite du P\u00e8re No\u00ebl<\/h3>\n                        <p class=\"card-subtitle\">Le c\u0153ur des mamans<\/p>\n                    <\/div>\n                <\/a>\n\n                \n\n            <\/article>\n\n\n                        \n            <!-- The card -->\n            <article class=\"card standard\" data-animate-onshow=\"show-card\">\n                \n                <!-- card link -->\n                <a href=\"https:\/\/www.streetchildrenofkinshasa.org\/fr\/temoignages\/dorcas\/\"\n                                        >\n\n                    <!-- card image -->\n                    <div class=\"card-image\" style=\"background: no-repeat center \/ cover url('https:\/\/www.streetchildrenofkinshasa.org\/wp-content\/uploads\/2022\/05\/Prostitution.jpg')\">\n                    <\/div>\n\n                    <!-- card title -->\n                    <div class=\"card-content\">\n                        <h3 class=\"card-title\">Dorcas<\/h3>\n                        <p class=\"card-subtitle\">Rencontre avec Dodo la nuit &#8230;<\/p>\n                    <\/div>\n                <\/a>\n\n                \n\n            <\/article>\n\n\n                        \n            <!-- The card -->\n            <article class=\"card standard\" data-animate-onshow=\"show-card\">\n                \n                <!-- card link -->\n                <a href=\"https:\/\/www.streetchildrenofkinshasa.org\/fr\/?post_type=post&#038;p=28625\"\n                                        >\n\n                    <!-- card image -->\n                    <div class=\"card-image\" style=\"background: no-repeat center \/ cover url('https:\/\/www.streetchildrenofkinshasa.org\/wp-content\/uploads\/2022\/05\/guitare.jpg')\">\n                    <\/div>\n\n                    <!-- card title -->\n                    <div class=\"card-content\">\n                        <h3 class=\"card-title\">Elle croyait<Br>son enfant mort.<\/h3>\n                        <p class=\"card-subtitle\"><\/p>\n                    <\/div>\n                <\/a>\n\n                \n\n            <\/article>\n\n\n                        \n            <!-- The card -->\n            <article class=\"card standard\" data-animate-onshow=\"show-card\">\n                \n                <!-- card link -->\n                <a href=\"https:\/\/www.streetchildrenofkinshasa.org\/fr\/?post_type=post&#038;p=28615\"\n                                        >\n\n                    <!-- card image -->\n                    <div class=\"card-image\" style=\"background: no-repeat center \/ cover url('https:\/\/www.streetchildrenofkinshasa.org\/wp-content\/uploads\/2022\/05\/Appartenir-a-une-famille-1.jpg')\">\n                    <\/div>\n\n                    <!-- card title -->\n                    <div class=\"card-content\">\n                        <h3 class=\"card-title\">Les jumeaux<\/h3>\n                        <p class=\"card-subtitle\"><\/p>\n                    <\/div>\n                <\/a>\n\n                \n\n            <\/article>\n\n\n        \n    <\/div>\n\n\n    <!-- scroll arrow right\/next -->\n    \n\n<\/div>\n\n<\/div>\n<\/div>\n\n\n\n<div class=\"wp-block-columns is-layout-flex wp-container-core-columns-is-layout-9d6595d7 wp-block-columns-is-layout-flex\">\n<div class=\"wp-block-column is-layout-flow wp-block-column-is-layout-flow\"><\/div>\n<\/div>\n","protected":false},"excerpt":{"rendered":"<p>Les enfants racontent Enfants trafiqu\u00e9s,Enfants perdus,Enfants accus\u00e9s de sorcellerie,Familles o\u00f9 r\u00e8gne une trop grande mis\u00e8re &#8230;.,Ces enfants nous t\u00e9moignent de leur parcours douloureux, et de leur esp\u00e9rance &#8230;.<\/p>\n","protected":false},"author":11,"featured_media":26688,"parent":0,"menu_order":1,"comment_status":"closed","ping_status":"closed","template":"","meta":{"_acf_changed":false,"footnotes":""},"class_list":["post-27485","page","type-page","status-publish","has-post-thumbnail","hentry"],"acf":[],"yoast_head":"<!-- This site is optimized with the Yoast SEO plugin v27.5 - https:\/\/yoast.com\/product\/yoast-seo-wordpress\/ -->\n<title>La Communaut\u00e9 du Chemin Neuf en Belgique<\/title>\n<meta name=\"description\" content=\"Donnons aux enfants des rues de Kinshasa un espoir et un avenir. Ndako Ya Biso - Enfants de Kinshasa Une communaut\u00e9 catholique \u00e0 vocation \u0153cum\u00e9nique\" \/>\n<meta name=\"robots\" content=\"index, follow, max-snippet:-1, max-image-preview:large, max-video-preview:-1\" \/>\n<link rel=\"canonical\" href=\"https:\/\/www.streetchildrenofkinshasa.org\/en\/temoignages\/\" \/>\n<meta property=\"og:locale\" content=\"en_GB\" \/>\n<meta property=\"og:type\" content=\"article\" \/>\n<meta property=\"og:title\" content=\"La Communaut\u00e9 du Chemin Neuf en Belgique\" \/>\n<meta property=\"og:description\" content=\"Donnons aux enfants des rues de Kinshasa un espoir et un avenir. Ndako Ya Biso - Enfants de Kinshasa Une communaut\u00e9 catholique \u00e0 vocation \u0153cum\u00e9nique\" \/>\n<meta property=\"og:url\" content=\"https:\/\/www.streetchildrenofkinshasa.org\/en\/temoignages\/\" \/>\n<meta property=\"og:site_name\" content=\"Ndako Ya Biso - Enfants de Kinshasa\" \/>\n<meta property=\"article:publisher\" content=\"https:\/\/www.facebook.com\/enfantsdelaruedekinshasa\/\" \/>\n<meta property=\"article:modified_time\" content=\"2022-06-24T13:18:52+00:00\" \/>\n<meta property=\"og:image\" content=\"https:\/\/www.streetchildrenofkinshasa.org\/wp-content\/uploads\/2022\/05\/Centre-garcons-sport.jpg\" \/>\n\t<meta property=\"og:image:width\" content=\"800\" \/>\n\t<meta property=\"og:image:height\" content=\"800\" \/>\n\t<meta property=\"og:image:type\" content=\"image\/jpeg\" \/>\n<meta name=\"twitter:card\" content=\"summary_large_image\" \/>\n<script type=\"application\/ld+json\" class=\"yoast-schema-graph\">{\"@context\":\"https:\\\/\\\/schema.org\",\"@graph\":[{\"@type\":\"WebPage\",\"@id\":\"https:\\\/\\\/www.streetchildrenofkinshasa.org\\\/en\\\/temoignages\\\/\",\"url\":\"https:\\\/\\\/www.streetchildrenofkinshasa.org\\\/en\\\/temoignages\\\/\",\"name\":\"La Communaut\u00e9 du Chemin Neuf en Belgique\",\"isPartOf\":{\"@id\":\"https:\\\/\\\/www.streetchildrenofkinshasa.org\\\/en\\\/#website\"},\"primaryImageOfPage\":{\"@id\":\"https:\\\/\\\/www.streetchildrenofkinshasa.org\\\/en\\\/temoignages\\\/#primaryimage\"},\"image\":{\"@id\":\"https:\\\/\\\/www.streetchildrenofkinshasa.org\\\/en\\\/temoignages\\\/#primaryimage\"},\"thumbnailUrl\":\"https:\\\/\\\/www.streetchildrenofkinshasa.org\\\/wp-content\\\/uploads\\\/2022\\\/05\\\/Centre-garcons-sport.jpg\",\"datePublished\":\"2022-04-20T04:05:11+00:00\",\"dateModified\":\"2022-06-24T13:18:52+00:00\",\"description\":\"Donnons aux enfants des rues de Kinshasa un espoir et un avenir. Ndako Ya Biso - Enfants de Kinshasa Une communaut\u00e9 catholique \u00e0 vocation \u0153cum\u00e9nique\",\"breadcrumb\":{\"@id\":\"https:\\\/\\\/www.streetchildrenofkinshasa.org\\\/en\\\/temoignages\\\/#breadcrumb\"},\"inLanguage\":\"en-GB\",\"potentialAction\":[{\"@type\":\"ReadAction\",\"target\":[\"https:\\\/\\\/www.streetchildrenofkinshasa.org\\\/en\\\/temoignages\\\/\"]}]},{\"@type\":\"ImageObject\",\"inLanguage\":\"en-GB\",\"@id\":\"https:\\\/\\\/www.streetchildrenofkinshasa.org\\\/en\\\/temoignages\\\/#primaryimage\",\"url\":\"https:\\\/\\\/www.streetchildrenofkinshasa.org\\\/wp-content\\\/uploads\\\/2022\\\/05\\\/Centre-garcons-sport.jpg\",\"contentUrl\":\"https:\\\/\\\/www.streetchildrenofkinshasa.org\\\/wp-content\\\/uploads\\\/2022\\\/05\\\/Centre-garcons-sport.jpg\",\"width\":800,\"height\":800},{\"@type\":\"BreadcrumbList\",\"@id\":\"https:\\\/\\\/www.streetchildrenofkinshasa.org\\\/en\\\/temoignages\\\/#breadcrumb\",\"itemListElement\":[{\"@type\":\"ListItem\",\"position\":1,\"name\":\"Home\",\"item\":\"https:\\\/\\\/www.streetchildrenofkinshasa.org\\\/en\\\/\"},{\"@type\":\"ListItem\",\"position\":2,\"name\":\"T\u00e9moignages\"}]},{\"@type\":\"WebSite\",\"@id\":\"https:\\\/\\\/www.streetchildrenofkinshasa.org\\\/en\\\/#website\",\"url\":\"https:\\\/\\\/www.streetchildrenofkinshasa.org\\\/en\\\/\",\"name\":\"Ndako Ya Biso - Enfants de Kinshasa\",\"description\":\"Donnons aux enfants des rues de Kinshasa un espoir et un avenir.\",\"publisher\":{\"@id\":\"https:\\\/\\\/www.streetchildrenofkinshasa.org\\\/en\\\/#organization\"},\"potentialAction\":[{\"@type\":\"SearchAction\",\"target\":{\"@type\":\"EntryPoint\",\"urlTemplate\":\"https:\\\/\\\/www.streetchildrenofkinshasa.org\\\/en\\\/?s={search_term_string}\"},\"query-input\":{\"@type\":\"PropertyValueSpecification\",\"valueRequired\":true,\"valueName\":\"search_term_string\"}}],\"inLanguage\":\"en-GB\"},{\"@type\":\"Organization\",\"@id\":\"https:\\\/\\\/www.streetchildrenofkinshasa.org\\\/en\\\/#organization\",\"name\":\"Communaut\u00e9 du Chemin Neuf\",\"url\":\"https:\\\/\\\/www.streetchildrenofkinshasa.org\\\/en\\\/\",\"logo\":{\"@type\":\"ImageObject\",\"inLanguage\":\"en-GB\",\"@id\":\"https:\\\/\\\/www.streetchildrenofkinshasa.org\\\/en\\\/#\\\/schema\\\/logo\\\/image\\\/\",\"url\":\"https:\\\/\\\/www.streetchildrenofkinshasa.org\\\/wp-content\\\/uploads\\\/2022\\\/05\\\/logo-cte-couleur_evide.png\",\"contentUrl\":\"https:\\\/\\\/www.streetchildrenofkinshasa.org\\\/wp-content\\\/uploads\\\/2022\\\/05\\\/logo-cte-couleur_evide.png\",\"width\":1280,\"height\":736,\"caption\":\"Communaut\u00e9 du Chemin Neuf\"},\"image\":{\"@id\":\"https:\\\/\\\/www.streetchildrenofkinshasa.org\\\/en\\\/#\\\/schema\\\/logo\\\/image\\\/\"},\"sameAs\":[\"https:\\\/\\\/www.facebook.com\\\/enfantsdelaruedekinshasa\\\/\",\"https:\\\/\\\/www.youtube.com\\\/channel\\\/UCIDv6Uc3gdp1RP_HrlK5VHw\"]}]}<\/script>\n<!-- \/ Yoast SEO plugin. -->","yoast_head_json":{"title":"La Communaut\u00e9 du Chemin Neuf en Belgique","description":"Donnons aux enfants des rues de Kinshasa un espoir et un avenir. Ndako Ya Biso - Enfants de Kinshasa Une communaut\u00e9 catholique \u00e0 vocation \u0153cum\u00e9nique","robots":{"index":"index","follow":"follow","max-snippet":"max-snippet:-1","max-image-preview":"max-image-preview:large","max-video-preview":"max-video-preview:-1"},"canonical":"https:\/\/www.streetchildrenofkinshasa.org\/en\/temoignages\/","og_locale":"en_GB","og_type":"article","og_title":"La Communaut\u00e9 du Chemin Neuf en Belgique","og_description":"Donnons aux enfants des rues de Kinshasa un espoir et un avenir. Ndako Ya Biso - Enfants de Kinshasa Une communaut\u00e9 catholique \u00e0 vocation \u0153cum\u00e9nique","og_url":"https:\/\/www.streetchildrenofkinshasa.org\/en\/temoignages\/","og_site_name":"Ndako Ya Biso - Enfants de Kinshasa","article_publisher":"https:\/\/www.facebook.com\/enfantsdelaruedekinshasa\/","article_modified_time":"2022-06-24T13:18:52+00:00","og_image":[{"width":800,"height":800,"url":"https:\/\/www.streetchildrenofkinshasa.org\/wp-content\/uploads\/2022\/05\/Centre-garcons-sport.jpg","type":"image\/jpeg"}],"twitter_card":"summary_large_image","schema":{"@context":"https:\/\/schema.org","@graph":[{"@type":"WebPage","@id":"https:\/\/www.streetchildrenofkinshasa.org\/en\/temoignages\/","url":"https:\/\/www.streetchildrenofkinshasa.org\/en\/temoignages\/","name":"La Communaut\u00e9 du Chemin Neuf en Belgique","isPartOf":{"@id":"https:\/\/www.streetchildrenofkinshasa.org\/en\/#website"},"primaryImageOfPage":{"@id":"https:\/\/www.streetchildrenofkinshasa.org\/en\/temoignages\/#primaryimage"},"image":{"@id":"https:\/\/www.streetchildrenofkinshasa.org\/en\/temoignages\/#primaryimage"},"thumbnailUrl":"https:\/\/www.streetchildrenofkinshasa.org\/wp-content\/uploads\/2022\/05\/Centre-garcons-sport.jpg","datePublished":"2022-04-20T04:05:11+00:00","dateModified":"2022-06-24T13:18:52+00:00","description":"Donnons aux enfants des rues de Kinshasa un espoir et un avenir. Ndako Ya Biso - Enfants de Kinshasa Une communaut\u00e9 catholique \u00e0 vocation \u0153cum\u00e9nique","breadcrumb":{"@id":"https:\/\/www.streetchildrenofkinshasa.org\/en\/temoignages\/#breadcrumb"},"inLanguage":"en-GB","potentialAction":[{"@type":"ReadAction","target":["https:\/\/www.streetchildrenofkinshasa.org\/en\/temoignages\/"]}]},{"@type":"ImageObject","inLanguage":"en-GB","@id":"https:\/\/www.streetchildrenofkinshasa.org\/en\/temoignages\/#primaryimage","url":"https:\/\/www.streetchildrenofkinshasa.org\/wp-content\/uploads\/2022\/05\/Centre-garcons-sport.jpg","contentUrl":"https:\/\/www.streetchildrenofkinshasa.org\/wp-content\/uploads\/2022\/05\/Centre-garcons-sport.jpg","width":800,"height":800},{"@type":"BreadcrumbList","@id":"https:\/\/www.streetchildrenofkinshasa.org\/en\/temoignages\/#breadcrumb","itemListElement":[{"@type":"ListItem","position":1,"name":"Home","item":"https:\/\/www.streetchildrenofkinshasa.org\/en\/"},{"@type":"ListItem","position":2,"name":"T\u00e9moignages"}]},{"@type":"WebSite","@id":"https:\/\/www.streetchildrenofkinshasa.org\/en\/#website","url":"https:\/\/www.streetchildrenofkinshasa.org\/en\/","name":"Ndako Ya Biso - Enfants de Kinshasa","description":"Donnons aux enfants des rues de Kinshasa un espoir et un avenir.","publisher":{"@id":"https:\/\/www.streetchildrenofkinshasa.org\/en\/#organization"},"potentialAction":[{"@type":"SearchAction","target":{"@type":"EntryPoint","urlTemplate":"https:\/\/www.streetchildrenofkinshasa.org\/en\/?s={search_term_string}"},"query-input":{"@type":"PropertyValueSpecification","valueRequired":true,"valueName":"search_term_string"}}],"inLanguage":"en-GB"},{"@type":"Organization","@id":"https:\/\/www.streetchildrenofkinshasa.org\/en\/#organization","name":"Communaut\u00e9 du Chemin Neuf","url":"https:\/\/www.streetchildrenofkinshasa.org\/en\/","logo":{"@type":"ImageObject","inLanguage":"en-GB","@id":"https:\/\/www.streetchildrenofkinshasa.org\/en\/#\/schema\/logo\/image\/","url":"https:\/\/www.streetchildrenofkinshasa.org\/wp-content\/uploads\/2022\/05\/logo-cte-couleur_evide.png","contentUrl":"https:\/\/www.streetchildrenofkinshasa.org\/wp-content\/uploads\/2022\/05\/logo-cte-couleur_evide.png","width":1280,"height":736,"caption":"Communaut\u00e9 du Chemin Neuf"},"image":{"@id":"https:\/\/www.streetchildrenofkinshasa.org\/en\/#\/schema\/logo\/image\/"},"sameAs":["https:\/\/www.facebook.com\/enfantsdelaruedekinshasa\/","https:\/\/www.youtube.com\/channel\/UCIDv6Uc3gdp1RP_HrlK5VHw"]}]}},"_links":{"self":[{"href":"https:\/\/www.streetchildrenofkinshasa.org\/en\/wp-json\/wp\/v2\/pages\/27485","targetHints":{"allow":["GET"]}}],"collection":[{"href":"https:\/\/www.streetchildrenofkinshasa.org\/en\/wp-json\/wp\/v2\/pages"}],"about":[{"href":"https:\/\/www.streetchildrenofkinshasa.org\/en\/wp-json\/wp\/v2\/types\/page"}],"author":[{"embeddable":true,"href":"https:\/\/www.streetchildrenofkinshasa.org\/en\/wp-json\/wp\/v2\/users\/11"}],"replies":[{"embeddable":true,"href":"https:\/\/www.streetchildrenofkinshasa.org\/en\/wp-json\/wp\/v2\/comments?post=27485"}],"version-history":[{"count":19,"href":"https:\/\/www.streetchildrenofkinshasa.org\/en\/wp-json\/wp\/v2\/pages\/27485\/revisions"}],"predecessor-version":[{"id":28846,"href":"https:\/\/www.streetchildrenofkinshasa.org\/en\/wp-json\/wp\/v2\/pages\/27485\/revisions\/28846"}],"wp:featuredmedia":[{"embeddable":true,"href":"https:\/\/www.streetchildrenofkinshasa.org\/en\/wp-json\/wp\/v2\/media\/26688"}],"wp:attachment":[{"href":"https:\/\/www.streetchildrenofkinshasa.org\/en\/wp-json\/wp\/v2\/media?parent=27485"}],"curies":[{"name":"wp","href":"https:\/\/api.w.org\/{rel}","templated":true}]}}