{"id":27375,"date":"2022-04-20T06:04:29","date_gmt":"2022-04-20T04:04:29","guid":{"rendered":"https:\/\/next.streetchildrenofkinshasa.org\/impact\/"},"modified":"2022-06-09T15:36:05","modified_gmt":"2022-06-09T13:36:05","slug":"impact","status":"publish","type":"page","link":"https:\/\/www.streetchildrenofkinshasa.org\/en\/impact\/","title":{"rendered":"IMPACT"},"content":{"rendered":"\n<div class=\"wp-block-columns alignwide is-style-default is-layout-flex wp-container-core-columns-is-layout-9d6595d7 wp-block-columns-is-layout-flex\">\n<div class=\"wp-block-column is-vertically-aligned-center is-layout-flow wp-block-column-is-layout-flow\" style=\"flex-basis:50%\">\n<h3 class=\"wp-block-heading\"><strong>Chaque r\u00e9unification familiale est<br>un combat et une esp\u00e9rance<\/strong><\/h3>\n\n\n\n<p class=\"has-small-font-size\" style=\"line-height:1.7\">Chaque r\u00e9unification familiale est un combat et une esp\u00e9rance : quand un enfant accepte de rentrer et que la famille accepte de se r\u00e9concilier avec lui, c\u2019est d\u2019abord une grande joie pour l\u2019\u00e9ducateur responsable et c\u2019est tout un avenir qui s\u2019ouvre tant pour l\u2019enfant par sa formation que pour la famille et la petite entreprise de la maman.<\/p>\n\n\n\n<p class=\"has-small-font-size\" style=\"line-height:1.7\">Pour nous, la r\u00e9conciliation familiale et l\u2019autonomisation de la famille sont au centre de notre travail, elles ouvrent un chemin de paix et d\u2019avenir.<\/p>\n\n\n\n<p style=\"line-height:1.6\"><\/p>\n<\/div>\n\n\n\n<div class=\"wp-block-column is-layout-flow wp-block-column-is-layout-flow\"><!-- for each card -->\n<div class=\"cards-container columns columns-2 align-\">\n\n    <!-- scroll arrow left\/previous -->\n    \n\n    <div class=\"cards-list columns columns-2 align-\">\n\n\n                        \n            <!-- The card -->\n            <article class=\"card standard\" data-animate-onshow=\"show-card\">\n                \n                <!-- card link -->\n                <a href=\"https:\/\/www.streetchildrenofkinshasa.org\/fr\/impact\/rempart-mal\/\"\n                                        >\n\n                    <!-- card image -->\n                    <div class=\"card-image\" style=\"background: no-repeat center \/ cover url('https:\/\/www.streetchildrenofkinshasa.org\/wp-content\/uploads\/2022\/05\/se-sentir-aime.jpg')\">\n                    <\/div>\n\n                    <!-- card title -->\n                    <div class=\"card-content\">\n                        <h3 class=\"card-title\">L&#8217;amour rempart contre le mal<\/h3>\n                        <p class=\"card-subtitle\">Cliquez ici pour lire l&#8217;article<\/p>\n                    <\/div>\n                <\/a>\n\n                \n\n            <\/article>\n\n\n                        \n            <!-- The card -->\n            <article class=\"card standard\" data-animate-onshow=\"show-card\">\n                \n                <!-- card link -->\n                <a href=\"https:\/\/www.streetchildrenofkinshasa.org\/fr\/impact\/les-principaux-resultatschiffres-pour-2021\/\"\n                                        >\n\n                    <!-- card image -->\n                    <div class=\"card-image\" style=\"background: no-repeat center \/ cover url('https:\/\/www.streetchildrenofkinshasa.org\/wp-content\/uploads\/2022\/05\/Bureau-et-dossiers-des-enfants.jpg')\">\n                    <\/div>\n\n                    <!-- card title -->\n                    <div class=\"card-content\">\n                        <h3 class=\"card-title\">Les principaux r\u00e9sultats en 2021<\/h3>\n                        <p class=\"card-subtitle\">Cliquez ici pour lire l&#8217;article<\/p>\n                    <\/div>\n                <\/a>\n\n                \n\n            <\/article>\n\n\n        \n    <\/div>\n\n\n    <!-- scroll arrow right\/next -->\n    \n\n<\/div>\n\n<\/div>\n<\/div>\n","protected":false},"excerpt":{"rendered":"<p>Chaque r\u00e9unification familiale estun combat et une esp\u00e9rance Chaque r\u00e9unification familiale est un combat et une esp\u00e9rance : quand un enfant accepte de rentrer et que la famille accepte de se r\u00e9concilier avec lui, c\u2019est d\u2019abord une grande joie pour l\u2019\u00e9ducateur responsable et c\u2019est tout un avenir qui s\u2019ouvre tant pour l\u2019enfant par sa formation [&hellip;]<\/p>\n","protected":false},"author":11,"featured_media":26928,"parent":0,"menu_order":1,"comment_status":"closed","ping_status":"closed","template":"","meta":{"_acf_changed":false,"footnotes":""},"class_list":["post-27375","page","type-page","status-publish","has-post-thumbnail","hentry"],"acf":[],"yoast_head":"<!-- This site is optimized with the Yoast SEO plugin v27.5 - https:\/\/yoast.com\/product\/yoast-seo-wordpress\/ -->\n<title>Chaque r\u00e9unification familiale est un combat et une esp\u00e9rance<\/title>\n<meta name=\"description\" content=\"Donnons aux enfants des rues de Kinshasa un espoir et un avenir. Ndako Ya Biso - Enfants de Kinshasa Notre action aupr\u00e8s des enfants de la rue de Kinshasa\" \/>\n<meta name=\"robots\" content=\"index, follow, max-snippet:-1, max-image-preview:large, max-video-preview:-1\" \/>\n<link rel=\"canonical\" href=\"https:\/\/www.streetchildrenofkinshasa.org\/en\/impact\/\" \/>\n<meta property=\"og:locale\" content=\"en_GB\" \/>\n<meta property=\"og:type\" content=\"article\" \/>\n<meta property=\"og:title\" content=\"Chaque r\u00e9unification familiale est un combat et une esp\u00e9rance\" \/>\n<meta property=\"og:description\" content=\"Donnons aux enfants des rues de Kinshasa un espoir et un avenir. Ndako Ya Biso - Enfants de Kinshasa Notre action aupr\u00e8s des enfants de la rue de Kinshasa\" \/>\n<meta property=\"og:url\" content=\"https:\/\/www.streetchildrenofkinshasa.org\/en\/impact\/\" \/>\n<meta property=\"og:site_name\" content=\"Ndako Ya Biso - Enfants de Kinshasa\" \/>\n<meta property=\"article:publisher\" content=\"https:\/\/www.facebook.com\/enfantsdelaruedekinshasa\/\" \/>\n<meta property=\"article:modified_time\" content=\"2022-06-09T13:36:05+00:00\" \/>\n<meta property=\"og:image\" content=\"https:\/\/www.streetchildrenofkinshasa.org\/wp-content\/uploads\/2022\/05\/Enfants-saut.jpg\" \/>\n\t<meta property=\"og:image:width\" content=\"1800\" \/>\n\t<meta property=\"og:image:height\" content=\"1013\" \/>\n\t<meta property=\"og:image:type\" content=\"image\/jpeg\" \/>\n<meta name=\"twitter:card\" content=\"summary_large_image\" \/>\n<meta name=\"twitter:label1\" content=\"Estimated reading time\" \/>\n\t<meta name=\"twitter:data1\" content=\"1 minute\" \/>\n<script type=\"application\/ld+json\" class=\"yoast-schema-graph\">{\"@context\":\"https:\\\/\\\/schema.org\",\"@graph\":[{\"@type\":\"WebPage\",\"@id\":\"https:\\\/\\\/www.streetchildrenofkinshasa.org\\\/en\\\/impact\\\/\",\"url\":\"https:\\\/\\\/www.streetchildrenofkinshasa.org\\\/en\\\/impact\\\/\",\"name\":\"Chaque r\u00e9unification familiale est un combat et une esp\u00e9rance\",\"isPartOf\":{\"@id\":\"https:\\\/\\\/www.streetchildrenofkinshasa.org\\\/en\\\/#website\"},\"primaryImageOfPage\":{\"@id\":\"https:\\\/\\\/www.streetchildrenofkinshasa.org\\\/en\\\/impact\\\/#primaryimage\"},\"image\":{\"@id\":\"https:\\\/\\\/www.streetchildrenofkinshasa.org\\\/en\\\/impact\\\/#primaryimage\"},\"thumbnailUrl\":\"https:\\\/\\\/www.streetchildrenofkinshasa.org\\\/wp-content\\\/uploads\\\/2022\\\/05\\\/Enfants-saut.jpg\",\"datePublished\":\"2022-04-20T04:04:29+00:00\",\"dateModified\":\"2022-06-09T13:36:05+00:00\",\"description\":\"Donnons aux enfants des rues de Kinshasa un espoir et un avenir. Ndako Ya Biso - Enfants de Kinshasa Notre action aupr\u00e8s des enfants de la rue de Kinshasa\",\"breadcrumb\":{\"@id\":\"https:\\\/\\\/www.streetchildrenofkinshasa.org\\\/en\\\/impact\\\/#breadcrumb\"},\"inLanguage\":\"en-GB\",\"potentialAction\":[{\"@type\":\"ReadAction\",\"target\":[\"https:\\\/\\\/www.streetchildrenofkinshasa.org\\\/en\\\/impact\\\/\"]}]},{\"@type\":\"ImageObject\",\"inLanguage\":\"en-GB\",\"@id\":\"https:\\\/\\\/www.streetchildrenofkinshasa.org\\\/en\\\/impact\\\/#primaryimage\",\"url\":\"https:\\\/\\\/www.streetchildrenofkinshasa.org\\\/wp-content\\\/uploads\\\/2022\\\/05\\\/Enfants-saut.jpg\",\"contentUrl\":\"https:\\\/\\\/www.streetchildrenofkinshasa.org\\\/wp-content\\\/uploads\\\/2022\\\/05\\\/Enfants-saut.jpg\",\"width\":1800,\"height\":1013},{\"@type\":\"BreadcrumbList\",\"@id\":\"https:\\\/\\\/www.streetchildrenofkinshasa.org\\\/en\\\/impact\\\/#breadcrumb\",\"itemListElement\":[{\"@type\":\"ListItem\",\"position\":1,\"name\":\"Home\",\"item\":\"https:\\\/\\\/www.streetchildrenofkinshasa.org\\\/en\\\/\"},{\"@type\":\"ListItem\",\"position\":2,\"name\":\"IMPACT\"}]},{\"@type\":\"WebSite\",\"@id\":\"https:\\\/\\\/www.streetchildrenofkinshasa.org\\\/en\\\/#website\",\"url\":\"https:\\\/\\\/www.streetchildrenofkinshasa.org\\\/en\\\/\",\"name\":\"Ndako Ya Biso - Enfants de Kinshasa\",\"description\":\"Donnons aux enfants des rues de Kinshasa un espoir et un avenir.\",\"publisher\":{\"@id\":\"https:\\\/\\\/www.streetchildrenofkinshasa.org\\\/en\\\/#organization\"},\"potentialAction\":[{\"@type\":\"SearchAction\",\"target\":{\"@type\":\"EntryPoint\",\"urlTemplate\":\"https:\\\/\\\/www.streetchildrenofkinshasa.org\\\/en\\\/?s={search_term_string}\"},\"query-input\":{\"@type\":\"PropertyValueSpecification\",\"valueRequired\":true,\"valueName\":\"search_term_string\"}}],\"inLanguage\":\"en-GB\"},{\"@type\":\"Organization\",\"@id\":\"https:\\\/\\\/www.streetchildrenofkinshasa.org\\\/en\\\/#organization\",\"name\":\"Communaut\u00e9 du Chemin Neuf\",\"url\":\"https:\\\/\\\/www.streetchildrenofkinshasa.org\\\/en\\\/\",\"logo\":{\"@type\":\"ImageObject\",\"inLanguage\":\"en-GB\",\"@id\":\"https:\\\/\\\/www.streetchildrenofkinshasa.org\\\/en\\\/#\\\/schema\\\/logo\\\/image\\\/\",\"url\":\"https:\\\/\\\/www.streetchildrenofkinshasa.org\\\/wp-content\\\/uploads\\\/2022\\\/05\\\/logo-cte-couleur_evide.png\",\"contentUrl\":\"https:\\\/\\\/www.streetchildrenofkinshasa.org\\\/wp-content\\\/uploads\\\/2022\\\/05\\\/logo-cte-couleur_evide.png\",\"width\":1280,\"height\":736,\"caption\":\"Communaut\u00e9 du Chemin Neuf\"},\"image\":{\"@id\":\"https:\\\/\\\/www.streetchildrenofkinshasa.org\\\/en\\\/#\\\/schema\\\/logo\\\/image\\\/\"},\"sameAs\":[\"https:\\\/\\\/www.facebook.com\\\/enfantsdelaruedekinshasa\\\/\",\"https:\\\/\\\/www.youtube.com\\\/channel\\\/UCIDv6Uc3gdp1RP_HrlK5VHw\"]}]}<\/script>\n<!-- \/ Yoast SEO plugin. -->","yoast_head_json":{"title":"Chaque r\u00e9unification familiale est un combat et une esp\u00e9rance","description":"Donnons aux enfants des rues de Kinshasa un espoir et un avenir. Ndako Ya Biso - Enfants de Kinshasa Notre action aupr\u00e8s des enfants de la rue de Kinshasa","robots":{"index":"index","follow":"follow","max-snippet":"max-snippet:-1","max-image-preview":"max-image-preview:large","max-video-preview":"max-video-preview:-1"},"canonical":"https:\/\/www.streetchildrenofkinshasa.org\/en\/impact\/","og_locale":"en_GB","og_type":"article","og_title":"Chaque r\u00e9unification familiale est un combat et une esp\u00e9rance","og_description":"Donnons aux enfants des rues de Kinshasa un espoir et un avenir. Ndako Ya Biso - Enfants de Kinshasa Notre action aupr\u00e8s des enfants de la rue de Kinshasa","og_url":"https:\/\/www.streetchildrenofkinshasa.org\/en\/impact\/","og_site_name":"Ndako Ya Biso - Enfants de Kinshasa","article_publisher":"https:\/\/www.facebook.com\/enfantsdelaruedekinshasa\/","article_modified_time":"2022-06-09T13:36:05+00:00","og_image":[{"width":1800,"height":1013,"url":"https:\/\/www.streetchildrenofkinshasa.org\/wp-content\/uploads\/2022\/05\/Enfants-saut.jpg","type":"image\/jpeg"}],"twitter_card":"summary_large_image","twitter_misc":{"Estimated reading time":"1 minute"},"schema":{"@context":"https:\/\/schema.org","@graph":[{"@type":"WebPage","@id":"https:\/\/www.streetchildrenofkinshasa.org\/en\/impact\/","url":"https:\/\/www.streetchildrenofkinshasa.org\/en\/impact\/","name":"Chaque r\u00e9unification familiale est un combat et une esp\u00e9rance","isPartOf":{"@id":"https:\/\/www.streetchildrenofkinshasa.org\/en\/#website"},"primaryImageOfPage":{"@id":"https:\/\/www.streetchildrenofkinshasa.org\/en\/impact\/#primaryimage"},"image":{"@id":"https:\/\/www.streetchildrenofkinshasa.org\/en\/impact\/#primaryimage"},"thumbnailUrl":"https:\/\/www.streetchildrenofkinshasa.org\/wp-content\/uploads\/2022\/05\/Enfants-saut.jpg","datePublished":"2022-04-20T04:04:29+00:00","dateModified":"2022-06-09T13:36:05+00:00","description":"Donnons aux enfants des rues de Kinshasa un espoir et un avenir. Ndako Ya Biso - Enfants de Kinshasa Notre action aupr\u00e8s des enfants de la rue de Kinshasa","breadcrumb":{"@id":"https:\/\/www.streetchildrenofkinshasa.org\/en\/impact\/#breadcrumb"},"inLanguage":"en-GB","potentialAction":[{"@type":"ReadAction","target":["https:\/\/www.streetchildrenofkinshasa.org\/en\/impact\/"]}]},{"@type":"ImageObject","inLanguage":"en-GB","@id":"https:\/\/www.streetchildrenofkinshasa.org\/en\/impact\/#primaryimage","url":"https:\/\/www.streetchildrenofkinshasa.org\/wp-content\/uploads\/2022\/05\/Enfants-saut.jpg","contentUrl":"https:\/\/www.streetchildrenofkinshasa.org\/wp-content\/uploads\/2022\/05\/Enfants-saut.jpg","width":1800,"height":1013},{"@type":"BreadcrumbList","@id":"https:\/\/www.streetchildrenofkinshasa.org\/en\/impact\/#breadcrumb","itemListElement":[{"@type":"ListItem","position":1,"name":"Home","item":"https:\/\/www.streetchildrenofkinshasa.org\/en\/"},{"@type":"ListItem","position":2,"name":"IMPACT"}]},{"@type":"WebSite","@id":"https:\/\/www.streetchildrenofkinshasa.org\/en\/#website","url":"https:\/\/www.streetchildrenofkinshasa.org\/en\/","name":"Ndako Ya Biso - Enfants de Kinshasa","description":"Donnons aux enfants des rues de Kinshasa un espoir et un avenir.","publisher":{"@id":"https:\/\/www.streetchildrenofkinshasa.org\/en\/#organization"},"potentialAction":[{"@type":"SearchAction","target":{"@type":"EntryPoint","urlTemplate":"https:\/\/www.streetchildrenofkinshasa.org\/en\/?s={search_term_string}"},"query-input":{"@type":"PropertyValueSpecification","valueRequired":true,"valueName":"search_term_string"}}],"inLanguage":"en-GB"},{"@type":"Organization","@id":"https:\/\/www.streetchildrenofkinshasa.org\/en\/#organization","name":"Communaut\u00e9 du Chemin Neuf","url":"https:\/\/www.streetchildrenofkinshasa.org\/en\/","logo":{"@type":"ImageObject","inLanguage":"en-GB","@id":"https:\/\/www.streetchildrenofkinshasa.org\/en\/#\/schema\/logo\/image\/","url":"https:\/\/www.streetchildrenofkinshasa.org\/wp-content\/uploads\/2022\/05\/logo-cte-couleur_evide.png","contentUrl":"https:\/\/www.streetchildrenofkinshasa.org\/wp-content\/uploads\/2022\/05\/logo-cte-couleur_evide.png","width":1280,"height":736,"caption":"Communaut\u00e9 du Chemin Neuf"},"image":{"@id":"https:\/\/www.streetchildrenofkinshasa.org\/en\/#\/schema\/logo\/image\/"},"sameAs":["https:\/\/www.facebook.com\/enfantsdelaruedekinshasa\/","https:\/\/www.youtube.com\/channel\/UCIDv6Uc3gdp1RP_HrlK5VHw"]}]}},"_links":{"self":[{"href":"https:\/\/www.streetchildrenofkinshasa.org\/en\/wp-json\/wp\/v2\/pages\/27375","targetHints":{"allow":["GET"]}}],"collection":[{"href":"https:\/\/www.streetchildrenofkinshasa.org\/en\/wp-json\/wp\/v2\/pages"}],"about":[{"href":"https:\/\/www.streetchildrenofkinshasa.org\/en\/wp-json\/wp\/v2\/types\/page"}],"author":[{"embeddable":true,"href":"https:\/\/www.streetchildrenofkinshasa.org\/en\/wp-json\/wp\/v2\/users\/11"}],"replies":[{"embeddable":true,"href":"https:\/\/www.streetchildrenofkinshasa.org\/en\/wp-json\/wp\/v2\/comments?post=27375"}],"version-history":[{"count":2,"href":"https:\/\/www.streetchildrenofkinshasa.org\/en\/wp-json\/wp\/v2\/pages\/27375\/revisions"}],"predecessor-version":[{"id":27809,"href":"https:\/\/www.streetchildrenofkinshasa.org\/en\/wp-json\/wp\/v2\/pages\/27375\/revisions\/27809"}],"wp:featuredmedia":[{"embeddable":true,"href":"https:\/\/www.streetchildrenofkinshasa.org\/en\/wp-json\/wp\/v2\/media\/26928"}],"wp:attachment":[{"href":"https:\/\/www.streetchildrenofkinshasa.org\/en\/wp-json\/wp\/v2\/media?parent=27375"}],"curies":[{"name":"wp","href":"https:\/\/api.w.org\/{rel}","templated":true}]}}