{"id":27344,"date":"2022-04-20T06:34:57","date_gmt":"2022-04-20T04:34:57","guid":{"rendered":"https:\/\/next.streetchildrenofkinshasa.org\/home\/soins-medicaux\/"},"modified":"2022-06-10T02:47:47","modified_gmt":"2022-06-10T00:47:47","slug":"soins-medicaux","status":"publish","type":"page","link":"https:\/\/www.streetchildrenofkinshasa.org\/en\/home\/soins-medicaux\/","title":{"rendered":"Soins m\u00e9dicaux<Br>et psychologiques"},"content":{"rendered":"\n<h4 class=\"has-text-align-center has-gray-color has-text-color wp-block-heading\"><em><strong>Beaucoup d&#8217;enfants sont <em><strong><em><strong>profond\u00e9ment<\/strong><\/em><\/strong><\/em> <em><strong>traumatis\u00e9s<\/strong><\/em> <br> par leur histoire familiale et <em><strong><em><strong>leurs<\/strong><\/em><\/strong><\/em> <em><strong>exp\u00e9riences v\u00e9cues dans la rue<\/strong><\/em> ; <br><em><strong>nous leur proposons \u00e9galement une aide psychologique<\/strong><\/em>.<\/strong><\/em><\/h4>\n\n\n\n<div class=\"wp-block-columns are-vertically-aligned-center is-layout-flex wp-container-core-columns-is-layout-9d6595d7 wp-block-columns-is-layout-flex\">\n<div class=\"wp-block-column is-vertically-aligned-center is-layout-flow wp-block-column-is-layout-flow\">\n<figure class=\"wp-block-gallery has-nested-images columns-2 is-cropped wp-block-gallery-1 is-layout-flex wp-block-gallery-is-layout-flex\">\n<figure class=\"wp-block-image size-full\"><img loading=\"lazy\" decoding=\"async\" width=\"800\" height=\"800\" data-id=\"26330\" src=\"https:\/\/www.streetchildrenofkinshasa.org\/wp-content\/uploads\/2022\/05\/Au-dispensaire-avec-une-infirmiere.jpg\" alt=\"\" class=\"wp-image-26330\" srcset=\"https:\/\/www.streetchildrenofkinshasa.org\/wp-content\/uploads\/2022\/05\/Au-dispensaire-avec-une-infirmiere.jpg 800w, https:\/\/www.streetchildrenofkinshasa.org\/wp-content\/uploads\/2022\/05\/Au-dispensaire-avec-une-infirmiere-300x300.jpg 300w, https:\/\/www.streetchildrenofkinshasa.org\/wp-content\/uploads\/2022\/05\/Au-dispensaire-avec-une-infirmiere-150x150.jpg 150w, https:\/\/www.streetchildrenofkinshasa.org\/wp-content\/uploads\/2022\/05\/Au-dispensaire-avec-une-infirmiere-768x768.jpg 768w\" sizes=\"auto, (max-width: 800px) 100vw, 800px\" \/><\/figure>\n\n\n\n<figure class=\"wp-block-image size-full\"><img loading=\"lazy\" decoding=\"async\" width=\"800\" height=\"800\" data-id=\"26333\" src=\"https:\/\/www.streetchildrenofkinshasa.org\/wp-content\/uploads\/2022\/05\/Une-visite-au-dispensaire-02.jpg\" alt=\"\" class=\"wp-image-26333\" srcset=\"https:\/\/www.streetchildrenofkinshasa.org\/wp-content\/uploads\/2022\/05\/Une-visite-au-dispensaire-02.jpg 800w, https:\/\/www.streetchildrenofkinshasa.org\/wp-content\/uploads\/2022\/05\/Une-visite-au-dispensaire-02-300x300.jpg 300w, https:\/\/www.streetchildrenofkinshasa.org\/wp-content\/uploads\/2022\/05\/Une-visite-au-dispensaire-02-150x150.jpg 150w, https:\/\/www.streetchildrenofkinshasa.org\/wp-content\/uploads\/2022\/05\/Une-visite-au-dispensaire-02-768x768.jpg 768w\" sizes=\"auto, (max-width: 800px) 100vw, 800px\" \/><\/figure>\n\n\n\n<figure class=\"wp-block-image size-full\"><img loading=\"lazy\" decoding=\"async\" width=\"800\" height=\"800\" data-id=\"26337\" src=\"https:\/\/www.streetchildrenofkinshasa.org\/wp-content\/uploads\/2022\/05\/Une-visite-au-dispensaire-01.jpg\" alt=\"\" class=\"wp-image-26337\" srcset=\"https:\/\/www.streetchildrenofkinshasa.org\/wp-content\/uploads\/2022\/05\/Une-visite-au-dispensaire-01.jpg 800w, https:\/\/www.streetchildrenofkinshasa.org\/wp-content\/uploads\/2022\/05\/Une-visite-au-dispensaire-01-300x300.jpg 300w, https:\/\/www.streetchildrenofkinshasa.org\/wp-content\/uploads\/2022\/05\/Une-visite-au-dispensaire-01-150x150.jpg 150w, https:\/\/www.streetchildrenofkinshasa.org\/wp-content\/uploads\/2022\/05\/Une-visite-au-dispensaire-01-768x768.jpg 768w\" sizes=\"auto, (max-width: 800px) 100vw, 800px\" \/><\/figure>\n\n\n\n<figure class=\"wp-block-image size-full\"><img loading=\"lazy\" decoding=\"async\" width=\"800\" height=\"800\" data-id=\"26340\" src=\"https:\/\/www.streetchildrenofkinshasa.org\/wp-content\/uploads\/2022\/05\/Attente-au-dispensaire.jpg\" alt=\"\" class=\"wp-image-26340\" srcset=\"https:\/\/www.streetchildrenofkinshasa.org\/wp-content\/uploads\/2022\/05\/Attente-au-dispensaire.jpg 800w, https:\/\/www.streetchildrenofkinshasa.org\/wp-content\/uploads\/2022\/05\/Attente-au-dispensaire-300x300.jpg 300w, https:\/\/www.streetchildrenofkinshasa.org\/wp-content\/uploads\/2022\/05\/Attente-au-dispensaire-150x150.jpg 150w, https:\/\/www.streetchildrenofkinshasa.org\/wp-content\/uploads\/2022\/05\/Attente-au-dispensaire-768x768.jpg 768w\" sizes=\"auto, (max-width: 800px) 100vw, 800px\" \/><\/figure>\n<\/figure>\n<\/div>\n\n\n\n<div class=\"wp-block-column is-vertically-aligned-center is-layout-flow wp-block-column-is-layout-flow\">\n<h4 class=\"has-text-align-center has-gray-color has-text-color wp-block-heading\"><strong>NOTRE DISPENSAIRE<\/strong><\/h4>\n\n\n\n<p class=\"has-small-font-size\" style=\"line-height:1.7\">Tous les enfants de la rue enregistr\u00e9s par nos centres sont soign\u00e9s gratuitement dans notre dispensaire sp\u00e9cialis\u00e9 tenu par nos deux infirmi\u00e8res. Nous y soignons plus de 200 enfants et grands jeunes chaque mois. Outre les plaies et blessures, nous devons faire face \u00e0 nombreux cas de malaria et d&#8217;IST.<\/p>\n<\/div>\n<\/div>\n\n\n\n<div class=\"wp-block-columns are-vertically-aligned-center is-layout-flex wp-container-core-columns-is-layout-9d6595d7 wp-block-columns-is-layout-flex\">\n<div class=\"wp-block-column is-vertically-aligned-center is-layout-flow wp-block-column-is-layout-flow\">\n<h4 class=\"has-text-align-center has-gray-color has-text-color wp-block-heading\"><strong>LES CONSULTATIONS PSYCHOLOGIQUES<\/strong><\/h4>\n\n\n\n<p class=\"has-small-font-size\" style=\"line-height:1.7\">En 2021, 871 consultations psychologiques ont \u00e9t\u00e9 donn\u00e9es aux enfants et grands jeunes accueillis et suivis par notre \u00e9quipe de trois psychologues.<\/p>\n\n\n\n<p class=\"has-small-font-size\" style=\"line-height:1.7\">En outre, 12 sessions d\u2019Estime de soi, de trois jours chacune, ont \u00e9t\u00e9 anim\u00e9es par nos psychologues cliniciens \u00e0 l\u2019intention de grands jeunes de la<br>rue, filles h\u00e9berg\u00e9es et gar\u00e7ons accueillis dans le centre ouvert.<\/p>\n<\/div>\n\n\n\n<div class=\"wp-block-column is-vertically-aligned-center is-layout-flow wp-block-column-is-layout-flow\">\n<figure class=\"wp-block-gallery has-nested-images columns-2 is-cropped wp-block-gallery-2 is-layout-flex wp-block-gallery-is-layout-flex\">\n<figure class=\"wp-block-image size-full\"><img loading=\"lazy\" decoding=\"async\" width=\"720\" height=\"576\" data-id=\"26344\" src=\"https:\/\/www.streetchildrenofkinshasa.org\/wp-content\/uploads\/2022\/05\/Psychologue.jpg\" alt=\"\" class=\"wp-image-26344\" srcset=\"https:\/\/www.streetchildrenofkinshasa.org\/wp-content\/uploads\/2022\/05\/Psychologue.jpg 720w, https:\/\/www.streetchildrenofkinshasa.org\/wp-content\/uploads\/2022\/05\/Psychologue-300x240.jpg 300w\" sizes=\"auto, (max-width: 720px) 100vw, 720px\" \/><\/figure>\n\n\n\n<figure class=\"wp-block-image size-full\"><img loading=\"lazy\" decoding=\"async\" width=\"800\" height=\"800\" data-id=\"26348\" src=\"https:\/\/www.streetchildrenofkinshasa.org\/wp-content\/uploads\/2022\/05\/Alphabetisation-grands-jeunes.jpg\" alt=\"\" class=\"wp-image-26348\" srcset=\"https:\/\/www.streetchildrenofkinshasa.org\/wp-content\/uploads\/2022\/05\/Alphabetisation-grands-jeunes.jpg 800w, https:\/\/www.streetchildrenofkinshasa.org\/wp-content\/uploads\/2022\/05\/Alphabetisation-grands-jeunes-300x300.jpg 300w, https:\/\/www.streetchildrenofkinshasa.org\/wp-content\/uploads\/2022\/05\/Alphabetisation-grands-jeunes-150x150.jpg 150w, https:\/\/www.streetchildrenofkinshasa.org\/wp-content\/uploads\/2022\/05\/Alphabetisation-grands-jeunes-768x768.jpg 768w\" sizes=\"auto, (max-width: 800px) 100vw, 800px\" \/><\/figure>\n\n\n\n<figure class=\"wp-block-image size-full\"><img loading=\"lazy\" decoding=\"async\" width=\"514\" height=\"514\" data-id=\"26351\" src=\"https:\/\/www.streetchildrenofkinshasa.org\/wp-content\/uploads\/2022\/05\/Les-enfants-a-la-fete.jpg\" alt=\"\" class=\"wp-image-26351\" srcset=\"https:\/\/www.streetchildrenofkinshasa.org\/wp-content\/uploads\/2022\/05\/Les-enfants-a-la-fete.jpg 514w, https:\/\/www.streetchildrenofkinshasa.org\/wp-content\/uploads\/2022\/05\/Les-enfants-a-la-fete-300x300.jpg 300w, https:\/\/www.streetchildrenofkinshasa.org\/wp-content\/uploads\/2022\/05\/Les-enfants-a-la-fete-150x150.jpg 150w\" sizes=\"auto, (max-width: 514px) 100vw, 514px\" \/><\/figure>\n\n\n\n<figure class=\"wp-block-image size-full\"><img loading=\"lazy\" decoding=\"async\" width=\"800\" height=\"800\" data-id=\"26354\" src=\"https:\/\/www.streetchildrenofkinshasa.org\/wp-content\/uploads\/2022\/05\/animation-estime-groupe.jpg\" alt=\"\" class=\"wp-image-26354\" srcset=\"https:\/\/www.streetchildrenofkinshasa.org\/wp-content\/uploads\/2022\/05\/animation-estime-groupe.jpg 800w, https:\/\/www.streetchildrenofkinshasa.org\/wp-content\/uploads\/2022\/05\/animation-estime-groupe-300x300.jpg 300w, https:\/\/www.streetchildrenofkinshasa.org\/wp-content\/uploads\/2022\/05\/animation-estime-groupe-150x150.jpg 150w, https:\/\/www.streetchildrenofkinshasa.org\/wp-content\/uploads\/2022\/05\/animation-estime-groupe-768x768.jpg 768w\" sizes=\"auto, (max-width: 800px) 100vw, 800px\" \/><\/figure>\n<\/figure>\n<\/div>\n<\/div>\n\n\n\n<figure class=\"wp-block-gallery has-nested-images columns-default is-cropped wp-block-gallery-3 is-layout-flex wp-block-gallery-is-layout-flex\">\n<figure class=\"wp-block-image size-full\"><img loading=\"lazy\" decoding=\"async\" width=\"800\" height=\"600\" data-id=\"26357\" src=\"https:\/\/www.streetchildrenofkinshasa.org\/wp-content\/uploads\/2022\/05\/1010191.jpg\" alt=\"\" class=\"wp-image-26357\" srcset=\"https:\/\/www.streetchildrenofkinshasa.org\/wp-content\/uploads\/2022\/05\/1010191.jpg 800w, https:\/\/www.streetchildrenofkinshasa.org\/wp-content\/uploads\/2022\/05\/1010191-300x225.jpg 300w, https:\/\/www.streetchildrenofkinshasa.org\/wp-content\/uploads\/2022\/05\/1010191-768x576.jpg 768w\" sizes=\"auto, (max-width: 800px) 100vw, 800px\" \/><\/figure>\n\n\n\n<figure class=\"wp-block-image size-full\"><img loading=\"lazy\" decoding=\"async\" width=\"800\" height=\"800\" data-id=\"26369\" src=\"https:\/\/www.streetchildrenofkinshasa.org\/wp-content\/uploads\/2022\/05\/A-linauguration-du-dispensaire.jpg\" alt=\"\" class=\"wp-image-26369\" srcset=\"https:\/\/www.streetchildrenofkinshasa.org\/wp-content\/uploads\/2022\/05\/A-linauguration-du-dispensaire.jpg 800w, https:\/\/www.streetchildrenofkinshasa.org\/wp-content\/uploads\/2022\/05\/A-linauguration-du-dispensaire-300x300.jpg 300w, https:\/\/www.streetchildrenofkinshasa.org\/wp-content\/uploads\/2022\/05\/A-linauguration-du-dispensaire-150x150.jpg 150w, https:\/\/www.streetchildrenofkinshasa.org\/wp-content\/uploads\/2022\/05\/A-linauguration-du-dispensaire-768x768.jpg 768w\" sizes=\"auto, (max-width: 800px) 100vw, 800px\" \/><\/figure>\n\n\n\n<figure class=\"wp-block-image size-full\"><img loading=\"lazy\" decoding=\"async\" width=\"800\" height=\"800\" data-id=\"26372\" src=\"https:\/\/www.streetchildrenofkinshasa.org\/wp-content\/uploads\/2022\/05\/Une-infirmiere-au-dispensaire.jpg\" alt=\"\" class=\"wp-image-26372\" srcset=\"https:\/\/www.streetchildrenofkinshasa.org\/wp-content\/uploads\/2022\/05\/Une-infirmiere-au-dispensaire.jpg 800w, https:\/\/www.streetchildrenofkinshasa.org\/wp-content\/uploads\/2022\/05\/Une-infirmiere-au-dispensaire-300x300.jpg 300w, https:\/\/www.streetchildrenofkinshasa.org\/wp-content\/uploads\/2022\/05\/Une-infirmiere-au-dispensaire-150x150.jpg 150w, https:\/\/www.streetchildrenofkinshasa.org\/wp-content\/uploads\/2022\/05\/Une-infirmiere-au-dispensaire-768x768.jpg 768w\" sizes=\"auto, (max-width: 800px) 100vw, 800px\" \/><\/figure>\n\n\n\n<figure class=\"wp-block-image size-full\"><img loading=\"lazy\" decoding=\"async\" width=\"800\" height=\"600\" data-id=\"26366\" src=\"https:\/\/www.streetchildrenofkinshasa.org\/wp-content\/uploads\/2022\/05\/Jeu-de-dame-avec-enfants.jpg\" alt=\"\" class=\"wp-image-26366\" srcset=\"https:\/\/www.streetchildrenofkinshasa.org\/wp-content\/uploads\/2022\/05\/Jeu-de-dame-avec-enfants.jpg 800w, https:\/\/www.streetchildrenofkinshasa.org\/wp-content\/uploads\/2022\/05\/Jeu-de-dame-avec-enfants-300x225.jpg 300w, https:\/\/www.streetchildrenofkinshasa.org\/wp-content\/uploads\/2022\/05\/Jeu-de-dame-avec-enfants-768x576.jpg 768w\" sizes=\"auto, (max-width: 800px) 100vw, 800px\" \/><\/figure>\n\n\n\n<figure class=\"wp-block-image size-full\"><img loading=\"lazy\" decoding=\"async\" width=\"800\" height=\"600\" data-id=\"26363\" src=\"https:\/\/www.streetchildrenofkinshasa.org\/wp-content\/uploads\/2022\/05\/Entretiens-02-1.jpg\" alt=\"\" class=\"wp-image-26363\" srcset=\"https:\/\/www.streetchildrenofkinshasa.org\/wp-content\/uploads\/2022\/05\/Entretiens-02-1.jpg 800w, https:\/\/www.streetchildrenofkinshasa.org\/wp-content\/uploads\/2022\/05\/Entretiens-02-1-300x225.jpg 300w, https:\/\/www.streetchildrenofkinshasa.org\/wp-content\/uploads\/2022\/05\/Entretiens-02-1-768x576.jpg 768w\" sizes=\"auto, (max-width: 800px) 100vw, 800px\" \/><\/figure>\n<\/figure>\n","protected":false},"excerpt":{"rendered":"<p>Beaucoup d&#8217;enfants sont profond\u00e9ment traumatis\u00e9s par leur histoire familiale et leurs exp\u00e9riences v\u00e9cues dans la rue ; nous leur proposons \u00e9galement une aide psychologique. NOTRE DISPENSAIRE Tous les enfants de la rue enregistr\u00e9s par nos centres sont soign\u00e9s gratuitement dans notre dispensaire sp\u00e9cialis\u00e9 tenu par nos deux infirmi\u00e8res. Nous y soignons plus de 200 enfants [&hellip;]<\/p>\n","protected":false},"author":11,"featured_media":26376,"parent":27324,"menu_order":3,"comment_status":"closed","ping_status":"closed","template":"","meta":{"_acf_changed":false,"footnotes":""},"class_list":["post-27344","page","type-page","status-publish","has-post-thumbnail","hentry"],"acf":[],"yoast_head":"<!-- This site is optimized with the Yoast SEO plugin v27.5 - https:\/\/yoast.com\/product\/yoast-seo-wordpress\/ -->\n<title>Soins m\u00e9dicauxet psychologiques - Ndako Ya Biso - Enfants de Kinshasa<\/title>\n<meta name=\"description\" content=\"Beaucoup d&#039;enfants sont profond\u00e9ment traumatis\u00e9s par leur histoire familiale et leurs exp\u00e9riences v\u00e9cues dans la rue ; nous leur proposons \u00e9galement une\" \/>\n<meta name=\"robots\" content=\"index, follow, max-snippet:-1, max-image-preview:large, max-video-preview:-1\" \/>\n<link rel=\"canonical\" href=\"https:\/\/www.streetchildrenofkinshasa.org\/en\/home\/soins-medicaux\/\" \/>\n<meta property=\"og:locale\" content=\"en_GB\" \/>\n<meta property=\"og:type\" content=\"article\" \/>\n<meta property=\"og:title\" content=\"Soins m\u00e9dicauxet psychologiques - Ndako Ya Biso - Enfants de Kinshasa\" \/>\n<meta property=\"og:description\" content=\"Beaucoup d&#039;enfants sont profond\u00e9ment traumatis\u00e9s par leur histoire familiale et leurs exp\u00e9riences v\u00e9cues dans la rue ; nous leur proposons \u00e9galement une\" \/>\n<meta property=\"og:url\" content=\"https:\/\/www.streetchildrenofkinshasa.org\/en\/home\/soins-medicaux\/\" \/>\n<meta property=\"og:site_name\" content=\"Ndako Ya Biso - Enfants de Kinshasa\" \/>\n<meta property=\"article:publisher\" content=\"https:\/\/www.facebook.com\/enfantsdelaruedekinshasa\/\" \/>\n<meta property=\"article:modified_time\" content=\"2022-06-10T00:47:47+00:00\" \/>\n<meta property=\"og:image\" content=\"https:\/\/www.streetchildrenofkinshasa.org\/wp-content\/uploads\/2022\/05\/Entretiens-01.jpg\" \/>\n\t<meta property=\"og:image:width\" content=\"2048\" \/>\n\t<meta property=\"og:image:height\" content=\"1536\" \/>\n\t<meta property=\"og:image:type\" content=\"image\/jpeg\" \/>\n<meta name=\"twitter:card\" content=\"summary_large_image\" \/>\n<meta name=\"twitter:label1\" content=\"Estimated reading time\" \/>\n\t<meta name=\"twitter:data1\" content=\"1 minute\" \/>\n<script type=\"application\/ld+json\" class=\"yoast-schema-graph\">{\"@context\":\"https:\\\/\\\/schema.org\",\"@graph\":[{\"@type\":\"WebPage\",\"@id\":\"https:\\\/\\\/www.streetchildrenofkinshasa.org\\\/en\\\/home\\\/soins-medicaux\\\/\",\"url\":\"https:\\\/\\\/www.streetchildrenofkinshasa.org\\\/en\\\/home\\\/soins-medicaux\\\/\",\"name\":\"Soins m\u00e9dicaux et psychologiques - Ndako Ya Biso - Enfants de Kinshasa\",\"isPartOf\":{\"@id\":\"https:\\\/\\\/www.streetchildrenofkinshasa.org\\\/en\\\/#website\"},\"primaryImageOfPage\":{\"@id\":\"https:\\\/\\\/www.streetchildrenofkinshasa.org\\\/en\\\/home\\\/soins-medicaux\\\/#primaryimage\"},\"image\":{\"@id\":\"https:\\\/\\\/www.streetchildrenofkinshasa.org\\\/en\\\/home\\\/soins-medicaux\\\/#primaryimage\"},\"thumbnailUrl\":\"https:\\\/\\\/www.streetchildrenofkinshasa.org\\\/wp-content\\\/uploads\\\/2022\\\/05\\\/Entretiens-01.jpg\",\"datePublished\":\"2022-04-20T04:34:57+00:00\",\"dateModified\":\"2022-06-10T00:47:47+00:00\",\"description\":\"Beaucoup d'enfants sont profond\u00e9ment traumatis\u00e9s par leur histoire familiale et leurs exp\u00e9riences v\u00e9cues dans la rue ; nous leur proposons \u00e9galement une\",\"breadcrumb\":{\"@id\":\"https:\\\/\\\/www.streetchildrenofkinshasa.org\\\/en\\\/home\\\/soins-medicaux\\\/#breadcrumb\"},\"inLanguage\":\"en-GB\",\"potentialAction\":[{\"@type\":\"ReadAction\",\"target\":[\"https:\\\/\\\/www.streetchildrenofkinshasa.org\\\/en\\\/home\\\/soins-medicaux\\\/\"]}]},{\"@type\":\"ImageObject\",\"inLanguage\":\"en-GB\",\"@id\":\"https:\\\/\\\/www.streetchildrenofkinshasa.org\\\/en\\\/home\\\/soins-medicaux\\\/#primaryimage\",\"url\":\"https:\\\/\\\/www.streetchildrenofkinshasa.org\\\/wp-content\\\/uploads\\\/2022\\\/05\\\/Entretiens-01.jpg\",\"contentUrl\":\"https:\\\/\\\/www.streetchildrenofkinshasa.org\\\/wp-content\\\/uploads\\\/2022\\\/05\\\/Entretiens-01.jpg\",\"width\":2048,\"height\":1536},{\"@type\":\"BreadcrumbList\",\"@id\":\"https:\\\/\\\/www.streetchildrenofkinshasa.org\\\/en\\\/home\\\/soins-medicaux\\\/#breadcrumb\",\"itemListElement\":[{\"@type\":\"ListItem\",\"position\":1,\"name\":\"Home\",\"item\":\"https:\\\/\\\/www.streetchildrenofkinshasa.org\\\/en\\\/\"},{\"@type\":\"ListItem\",\"position\":2,\"name\":\"NOTRE ACTION\",\"item\":\"https:\\\/\\\/www.streetchildrenofkinshasa.org\\\/en\\\/home\\\/\"},{\"@type\":\"ListItem\",\"position\":3,\"name\":\"Soins m\u00e9dicauxet psychologiques\"}]},{\"@type\":\"WebSite\",\"@id\":\"https:\\\/\\\/www.streetchildrenofkinshasa.org\\\/en\\\/#website\",\"url\":\"https:\\\/\\\/www.streetchildrenofkinshasa.org\\\/en\\\/\",\"name\":\"Ndako Ya Biso - Enfants de Kinshasa\",\"description\":\"Donnons aux enfants des rues de Kinshasa un espoir et un avenir.\",\"publisher\":{\"@id\":\"https:\\\/\\\/www.streetchildrenofkinshasa.org\\\/en\\\/#organization\"},\"potentialAction\":[{\"@type\":\"SearchAction\",\"target\":{\"@type\":\"EntryPoint\",\"urlTemplate\":\"https:\\\/\\\/www.streetchildrenofkinshasa.org\\\/en\\\/?s={search_term_string}\"},\"query-input\":{\"@type\":\"PropertyValueSpecification\",\"valueRequired\":true,\"valueName\":\"search_term_string\"}}],\"inLanguage\":\"en-GB\"},{\"@type\":\"Organization\",\"@id\":\"https:\\\/\\\/www.streetchildrenofkinshasa.org\\\/en\\\/#organization\",\"name\":\"Communaut\u00e9 du Chemin Neuf\",\"url\":\"https:\\\/\\\/www.streetchildrenofkinshasa.org\\\/en\\\/\",\"logo\":{\"@type\":\"ImageObject\",\"inLanguage\":\"en-GB\",\"@id\":\"https:\\\/\\\/www.streetchildrenofkinshasa.org\\\/en\\\/#\\\/schema\\\/logo\\\/image\\\/\",\"url\":\"https:\\\/\\\/www.streetchildrenofkinshasa.org\\\/wp-content\\\/uploads\\\/2022\\\/05\\\/logo-cte-couleur_evide.png\",\"contentUrl\":\"https:\\\/\\\/www.streetchildrenofkinshasa.org\\\/wp-content\\\/uploads\\\/2022\\\/05\\\/logo-cte-couleur_evide.png\",\"width\":1280,\"height\":736,\"caption\":\"Communaut\u00e9 du Chemin Neuf\"},\"image\":{\"@id\":\"https:\\\/\\\/www.streetchildrenofkinshasa.org\\\/en\\\/#\\\/schema\\\/logo\\\/image\\\/\"},\"sameAs\":[\"https:\\\/\\\/www.facebook.com\\\/enfantsdelaruedekinshasa\\\/\",\"https:\\\/\\\/www.youtube.com\\\/channel\\\/UCIDv6Uc3gdp1RP_HrlK5VHw\"]}]}<\/script>\n<!-- \/ Yoast SEO plugin. -->","yoast_head_json":{"title":"Soins m\u00e9dicauxet psychologiques - Ndako Ya Biso - Enfants de Kinshasa","description":"Beaucoup d'enfants sont profond\u00e9ment traumatis\u00e9s par leur histoire familiale et leurs exp\u00e9riences v\u00e9cues dans la rue ; nous leur proposons \u00e9galement une","robots":{"index":"index","follow":"follow","max-snippet":"max-snippet:-1","max-image-preview":"max-image-preview:large","max-video-preview":"max-video-preview:-1"},"canonical":"https:\/\/www.streetchildrenofkinshasa.org\/en\/home\/soins-medicaux\/","og_locale":"en_GB","og_type":"article","og_title":"Soins m\u00e9dicauxet psychologiques - Ndako Ya Biso - Enfants de Kinshasa","og_description":"Beaucoup d'enfants sont profond\u00e9ment traumatis\u00e9s par leur histoire familiale et leurs exp\u00e9riences v\u00e9cues dans la rue ; nous leur proposons \u00e9galement une","og_url":"https:\/\/www.streetchildrenofkinshasa.org\/en\/home\/soins-medicaux\/","og_site_name":"Ndako Ya Biso - Enfants de Kinshasa","article_publisher":"https:\/\/www.facebook.com\/enfantsdelaruedekinshasa\/","article_modified_time":"2022-06-10T00:47:47+00:00","og_image":[{"width":2048,"height":1536,"url":"https:\/\/www.streetchildrenofkinshasa.org\/wp-content\/uploads\/2022\/05\/Entretiens-01.jpg","type":"image\/jpeg"}],"twitter_card":"summary_large_image","twitter_misc":{"Estimated reading time":"1 minute"},"schema":{"@context":"https:\/\/schema.org","@graph":[{"@type":"WebPage","@id":"https:\/\/www.streetchildrenofkinshasa.org\/en\/home\/soins-medicaux\/","url":"https:\/\/www.streetchildrenofkinshasa.org\/en\/home\/soins-medicaux\/","name":"Soins m\u00e9dicaux et psychologiques - Ndako Ya Biso - Enfants de Kinshasa","isPartOf":{"@id":"https:\/\/www.streetchildrenofkinshasa.org\/en\/#website"},"primaryImageOfPage":{"@id":"https:\/\/www.streetchildrenofkinshasa.org\/en\/home\/soins-medicaux\/#primaryimage"},"image":{"@id":"https:\/\/www.streetchildrenofkinshasa.org\/en\/home\/soins-medicaux\/#primaryimage"},"thumbnailUrl":"https:\/\/www.streetchildrenofkinshasa.org\/wp-content\/uploads\/2022\/05\/Entretiens-01.jpg","datePublished":"2022-04-20T04:34:57+00:00","dateModified":"2022-06-10T00:47:47+00:00","description":"Beaucoup d'enfants sont profond\u00e9ment traumatis\u00e9s par leur histoire familiale et leurs exp\u00e9riences v\u00e9cues dans la rue ; nous leur proposons \u00e9galement une","breadcrumb":{"@id":"https:\/\/www.streetchildrenofkinshasa.org\/en\/home\/soins-medicaux\/#breadcrumb"},"inLanguage":"en-GB","potentialAction":[{"@type":"ReadAction","target":["https:\/\/www.streetchildrenofkinshasa.org\/en\/home\/soins-medicaux\/"]}]},{"@type":"ImageObject","inLanguage":"en-GB","@id":"https:\/\/www.streetchildrenofkinshasa.org\/en\/home\/soins-medicaux\/#primaryimage","url":"https:\/\/www.streetchildrenofkinshasa.org\/wp-content\/uploads\/2022\/05\/Entretiens-01.jpg","contentUrl":"https:\/\/www.streetchildrenofkinshasa.org\/wp-content\/uploads\/2022\/05\/Entretiens-01.jpg","width":2048,"height":1536},{"@type":"BreadcrumbList","@id":"https:\/\/www.streetchildrenofkinshasa.org\/en\/home\/soins-medicaux\/#breadcrumb","itemListElement":[{"@type":"ListItem","position":1,"name":"Home","item":"https:\/\/www.streetchildrenofkinshasa.org\/en\/"},{"@type":"ListItem","position":2,"name":"NOTRE ACTION","item":"https:\/\/www.streetchildrenofkinshasa.org\/en\/home\/"},{"@type":"ListItem","position":3,"name":"Soins m\u00e9dicauxet psychologiques"}]},{"@type":"WebSite","@id":"https:\/\/www.streetchildrenofkinshasa.org\/en\/#website","url":"https:\/\/www.streetchildrenofkinshasa.org\/en\/","name":"Ndako Ya Biso - Enfants de Kinshasa","description":"Donnons aux enfants des rues de Kinshasa un espoir et un avenir.","publisher":{"@id":"https:\/\/www.streetchildrenofkinshasa.org\/en\/#organization"},"potentialAction":[{"@type":"SearchAction","target":{"@type":"EntryPoint","urlTemplate":"https:\/\/www.streetchildrenofkinshasa.org\/en\/?s={search_term_string}"},"query-input":{"@type":"PropertyValueSpecification","valueRequired":true,"valueName":"search_term_string"}}],"inLanguage":"en-GB"},{"@type":"Organization","@id":"https:\/\/www.streetchildrenofkinshasa.org\/en\/#organization","name":"Communaut\u00e9 du Chemin Neuf","url":"https:\/\/www.streetchildrenofkinshasa.org\/en\/","logo":{"@type":"ImageObject","inLanguage":"en-GB","@id":"https:\/\/www.streetchildrenofkinshasa.org\/en\/#\/schema\/logo\/image\/","url":"https:\/\/www.streetchildrenofkinshasa.org\/wp-content\/uploads\/2022\/05\/logo-cte-couleur_evide.png","contentUrl":"https:\/\/www.streetchildrenofkinshasa.org\/wp-content\/uploads\/2022\/05\/logo-cte-couleur_evide.png","width":1280,"height":736,"caption":"Communaut\u00e9 du Chemin Neuf"},"image":{"@id":"https:\/\/www.streetchildrenofkinshasa.org\/en\/#\/schema\/logo\/image\/"},"sameAs":["https:\/\/www.facebook.com\/enfantsdelaruedekinshasa\/","https:\/\/www.youtube.com\/channel\/UCIDv6Uc3gdp1RP_HrlK5VHw"]}]}},"_links":{"self":[{"href":"https:\/\/www.streetchildrenofkinshasa.org\/en\/wp-json\/wp\/v2\/pages\/27344","targetHints":{"allow":["GET"]}}],"collection":[{"href":"https:\/\/www.streetchildrenofkinshasa.org\/en\/wp-json\/wp\/v2\/pages"}],"about":[{"href":"https:\/\/www.streetchildrenofkinshasa.org\/en\/wp-json\/wp\/v2\/types\/page"}],"author":[{"embeddable":true,"href":"https:\/\/www.streetchildrenofkinshasa.org\/en\/wp-json\/wp\/v2\/users\/11"}],"replies":[{"embeddable":true,"href":"https:\/\/www.streetchildrenofkinshasa.org\/en\/wp-json\/wp\/v2\/comments?post=27344"}],"version-history":[{"count":1,"href":"https:\/\/www.streetchildrenofkinshasa.org\/en\/wp-json\/wp\/v2\/pages\/27344\/revisions"}],"predecessor-version":[{"id":27872,"href":"https:\/\/www.streetchildrenofkinshasa.org\/en\/wp-json\/wp\/v2\/pages\/27344\/revisions\/27872"}],"up":[{"embeddable":true,"href":"https:\/\/www.streetchildrenofkinshasa.org\/en\/wp-json\/wp\/v2\/pages\/27324"}],"wp:featuredmedia":[{"embeddable":true,"href":"https:\/\/www.streetchildrenofkinshasa.org\/en\/wp-json\/wp\/v2\/media\/26376"}],"wp:attachment":[{"href":"https:\/\/www.streetchildrenofkinshasa.org\/en\/wp-json\/wp\/v2\/media?parent=27344"}],"curies":[{"name":"wp","href":"https:\/\/api.w.org\/{rel}","templated":true}]}}