{"id":27324,"date":"2021-01-12T16:53:40","date_gmt":"2021-01-12T15:53:40","guid":{"rendered":"https:\/\/next.streetchildrenofkinshasa.org\/home\/"},"modified":"2022-06-10T02:40:03","modified_gmt":"2022-06-10T00:40:03","slug":"home","status":"publish","type":"page","link":"https:\/\/www.streetchildrenofkinshasa.org\/en\/home\/","title":{"rendered":"NOTRE ACTION"},"content":{"rendered":"\n<div class=\"wp-block-columns alignwide is-style-default is-layout-flex wp-container-core-columns-is-layout-9d6595d7 wp-block-columns-is-layout-flex\">\n<div class=\"wp-block-column is-layout-flow wp-block-column-is-layout-flow\" style=\"flex-basis:50%\">\n<p class=\"has-black-color has-text-color has-large-font-size\" style=\"font-style:normal;font-weight:800\"><strong>Pourquoi avoir ouvert des centres d\u2019accueil pour enfants de la rue\u2009?<\/strong><\/p>\n\n\n\n<p><\/p>\n\n\n\n<p class=\"has-black-color has-text-color has-small-font-size\" style=\"line-height:1.7\"><em><strong>L\u2019objectif vis\u00e9 par les centres est double&nbsp;:<\/strong><\/em><\/p>\n\n\n\n<p class=\"has-black-color has-text-color has-small-font-size\" style=\"line-height:1.7\">Il vise d\u2019abord au respect des droits fondamentaux des enfants et tout sp\u00e9cialement les droits \u00e0 la sant\u00e9, \u00e0 l\u2019alimentation et \u00e0 la protection ainsi qu\u2019\u00e0 leur s\u00e9curit\u00e9<\/p>\n\n\n\n<p class=\"has-black-color has-text-color has-small-font-size\" style=\"line-height:1.7\">Il vise aussi \u00e0 pouvoir donner aux enfants un climat de confiance excluant toute violence et permettant une \u00e9coute empathique lib\u00e9rant l\u2019enfant des traumatismes subis et pr\u00e9parant la r\u00e9unification familiale de l\u2019enfant.<\/p>\n\n\n\n<p class=\"has-small-font-size\" style=\"line-height:1.7\"><\/p>\n<\/div>\n\n\n\n<div class=\"wp-block-column is-layout-flow wp-block-column-is-layout-flow\"><!-- for each card -->\n<div class=\"cards-container columns columns-2 align-\">\n\n    <!-- scroll arrow left\/previous -->\n    \n\n    <div class=\"cards-list columns columns-2 align-\">\n\n\n                        \n            <!-- The card -->\n            <article class=\"card standard\" data-animate-onshow=\"show-card\">\n                \n                <!-- card link -->\n                <a href=\"https:\/\/www.streetchildrenofkinshasa.org\/fr\/home\/notre-action-dans-la-rue\/\"\n                                        >\n\n                    <!-- card image -->\n                    <div class=\"card-image\" style=\"background: no-repeat center \/ cover url('https:\/\/www.streetchildrenofkinshasa.org\/wp-content\/uploads\/2022\/04\/Kinshasa-quartier-Cite-Verte.jpg')\">\n                    <\/div>\n\n                    <!-- card title -->\n                    <div class=\"card-content\">\n                        <h3 class=\"card-title\"><\/h3>\n                        <p class=\"card-subtitle\">Dans la rue<\/p>\n                    <\/div>\n                <\/a>\n\n                \n\n            <\/article>\n\n\n                        \n            <!-- The card -->\n            <article class=\"card standard\" data-animate-onshow=\"show-card\">\n                \n                <!-- card link -->\n                <a href=\"https:\/\/www.streetchildrenofkinshasa.org\/fr\/home\/avec-les-enfants\/\"\n                                        >\n\n                    <!-- card image -->\n                    <div class=\"card-image\" style=\"background: no-repeat center \/ cover url('https:\/\/www.streetchildrenofkinshasa.org\/wp-content\/uploads\/2022\/04\/Jeux-de-filles.jpg')\">\n                    <\/div>\n\n                    <!-- card title -->\n                    <div class=\"card-content\">\n                        <h3 class=\"card-title\"><\/h3>\n                        <p class=\"card-subtitle\">Avec les enfants dans nos centres<\/p>\n                    <\/div>\n                <\/a>\n\n                \n\n            <\/article>\n\n\n                        \n            <!-- The card -->\n            <article class=\"card standard\" data-animate-onshow=\"show-card\">\n                \n                <!-- card link -->\n                <a href=\"https:\/\/www.streetchildrenofkinshasa.org\/fr\/home\/la-reinsertion\/\"\n                                        >\n\n                    <!-- card image -->\n                    <div class=\"card-image\" style=\"background: no-repeat center \/ cover url('https:\/\/www.streetchildrenofkinshasa.org\/wp-content\/uploads\/2022\/05\/Petite-famille-a-lentree-de-sa-maison-scaled.jpg')\">\n                    <\/div>\n\n                    <!-- card title -->\n                    <div class=\"card-content\">\n                        <h3 class=\"card-title\"><\/h3>\n                        <p class=\"card-subtitle\">La r\u00e9insertion<\/p>\n                    <\/div>\n                <\/a>\n\n                \n\n            <\/article>\n\n\n                        \n            <!-- The card -->\n            <article class=\"card standard\" data-animate-onshow=\"show-card\">\n                \n                <!-- card link -->\n                <a href=\"https:\/\/www.streetchildrenofkinshasa.org\/fr\/home\/la-stabilisation\/\"\n                                        >\n\n                    <!-- card image -->\n                    <div class=\"card-image\" style=\"background: no-repeat center \/ cover url('https:\/\/www.streetchildrenofkinshasa.org\/wp-content\/uploads\/2022\/05\/Dessin-reunification.jpg')\">\n                    <\/div>\n\n                    <!-- card title -->\n                    <div class=\"card-content\">\n                        <h3 class=\"card-title\"><\/h3>\n                        <p class=\"card-subtitle\">La stabilisation<\/p>\n                    <\/div>\n                <\/a>\n\n                \n\n            <\/article>\n\n\n                        \n            <!-- The card -->\n            <article class=\"card standard\" data-animate-onshow=\"show-card\">\n                \n                <!-- card link -->\n                <a href=\"https:\/\/www.streetchildrenofkinshasa.org\/fr\/home\/soins-medicaux\/\"\n                                        >\n\n                    <!-- card image -->\n                    <div class=\"card-image\" style=\"background: no-repeat center \/ cover url('https:\/\/www.streetchildrenofkinshasa.org\/wp-content\/uploads\/2022\/04\/Dispensaire.jpg')\">\n                    <\/div>\n\n                    <!-- card title -->\n                    <div class=\"card-content\">\n                        <h3 class=\"card-title\"><\/h3>\n                        <p class=\"card-subtitle\">Soins m\u00e9dicaux et psychologiques<\/p>\n                    <\/div>\n                <\/a>\n\n                \n\n            <\/article>\n\n\n        \n    <\/div>\n\n\n    <!-- scroll arrow right\/next -->\n    \n\n<\/div>\n\n<\/div>\n<\/div>\n\n\n\n<p><\/p>\n","protected":false},"excerpt":{"rendered":"<p>Pourquoi avoir ouvert des centres d\u2019accueil pour enfants de la rue\u2009? L\u2019objectif vis\u00e9 par les centres est double&nbsp;: Il vise d\u2019abord au respect des droits fondamentaux des enfants et tout sp\u00e9cialement les droits \u00e0 la sant\u00e9, \u00e0 l\u2019alimentation et \u00e0 la protection ainsi qu\u2019\u00e0 leur s\u00e9curit\u00e9 Il vise aussi \u00e0 pouvoir donner aux enfants un [&hellip;]<\/p>\n","protected":false},"author":11,"featured_media":26834,"parent":0,"menu_order":1,"comment_status":"closed","ping_status":"closed","template":"","meta":{"_acf_changed":false,"footnotes":""},"class_list":["post-27324","page","type-page","status-publish","has-post-thumbnail","hentry"],"acf":[],"yoast_head":"<!-- This site is optimized with the Yoast SEO plugin v27.5 - https:\/\/yoast.com\/product\/yoast-seo-wordpress\/ -->\n<title>Les enfants de la rue de Kinshasa<\/title>\n<meta name=\"description\" content=\"Donnons aux enfants des rues de Kinshasa un espoir et un avenir. Ndako Ya Biso - Enfants de Kinshasa Notre action au b\u00e9n\u00e9fice des enfants de la rue de Kinshasa\" \/>\n<meta name=\"robots\" content=\"index, follow, max-snippet:-1, max-image-preview:large, max-video-preview:-1\" \/>\n<link rel=\"canonical\" href=\"https:\/\/www.streetchildrenofkinshasa.org\/en\/home\/\" \/>\n<meta property=\"og:locale\" content=\"en_GB\" \/>\n<meta property=\"og:type\" content=\"article\" \/>\n<meta property=\"og:title\" content=\"Les enfants de la rue de Kinshasa\" \/>\n<meta property=\"og:description\" content=\"Donnons aux enfants des rues de Kinshasa un espoir et un avenir. Ndako Ya Biso - Enfants de Kinshasa Notre action au b\u00e9n\u00e9fice des enfants de la rue de Kinshasa\" \/>\n<meta property=\"og:url\" content=\"https:\/\/www.streetchildrenofkinshasa.org\/en\/home\/\" \/>\n<meta property=\"og:site_name\" content=\"Ndako Ya Biso - Enfants de Kinshasa\" \/>\n<meta property=\"article:publisher\" content=\"https:\/\/www.facebook.com\/enfantsdelaruedekinshasa\/\" \/>\n<meta property=\"article:modified_time\" content=\"2022-06-10T00:40:03+00:00\" \/>\n<meta property=\"og:image\" content=\"https:\/\/www.streetchildrenofkinshasa.org\/wp-content\/uploads\/2022\/05\/Amitie.jpg\" \/>\n\t<meta property=\"og:image:width\" content=\"800\" \/>\n\t<meta property=\"og:image:height\" content=\"800\" \/>\n\t<meta property=\"og:image:type\" content=\"image\/jpeg\" \/>\n<meta name=\"twitter:card\" content=\"summary_large_image\" \/>\n<script type=\"application\/ld+json\" class=\"yoast-schema-graph\">{\"@context\":\"https:\\\/\\\/schema.org\",\"@graph\":[{\"@type\":\"WebPage\",\"@id\":\"https:\\\/\\\/www.streetchildrenofkinshasa.org\\\/en\\\/home\\\/\",\"url\":\"https:\\\/\\\/www.streetchildrenofkinshasa.org\\\/en\\\/home\\\/\",\"name\":\"Les enfants de la rue de Kinshasa\",\"isPartOf\":{\"@id\":\"https:\\\/\\\/www.streetchildrenofkinshasa.org\\\/en\\\/#website\"},\"primaryImageOfPage\":{\"@id\":\"https:\\\/\\\/www.streetchildrenofkinshasa.org\\\/en\\\/home\\\/#primaryimage\"},\"image\":{\"@id\":\"https:\\\/\\\/www.streetchildrenofkinshasa.org\\\/en\\\/home\\\/#primaryimage\"},\"thumbnailUrl\":\"https:\\\/\\\/www.streetchildrenofkinshasa.org\\\/wp-content\\\/uploads\\\/2022\\\/05\\\/Amitie.jpg\",\"datePublished\":\"2021-01-12T15:53:40+00:00\",\"dateModified\":\"2022-06-10T00:40:03+00:00\",\"description\":\"Donnons aux enfants des rues de Kinshasa un espoir et un avenir. Ndako Ya Biso - Enfants de Kinshasa Notre action au b\u00e9n\u00e9fice des enfants de la rue de Kinshasa\",\"breadcrumb\":{\"@id\":\"https:\\\/\\\/www.streetchildrenofkinshasa.org\\\/en\\\/home\\\/#breadcrumb\"},\"inLanguage\":\"en-GB\",\"potentialAction\":[{\"@type\":\"ReadAction\",\"target\":[\"https:\\\/\\\/www.streetchildrenofkinshasa.org\\\/en\\\/home\\\/\"]}]},{\"@type\":\"ImageObject\",\"inLanguage\":\"en-GB\",\"@id\":\"https:\\\/\\\/www.streetchildrenofkinshasa.org\\\/en\\\/home\\\/#primaryimage\",\"url\":\"https:\\\/\\\/www.streetchildrenofkinshasa.org\\\/wp-content\\\/uploads\\\/2022\\\/05\\\/Amitie.jpg\",\"contentUrl\":\"https:\\\/\\\/www.streetchildrenofkinshasa.org\\\/wp-content\\\/uploads\\\/2022\\\/05\\\/Amitie.jpg\",\"width\":800,\"height\":800},{\"@type\":\"BreadcrumbList\",\"@id\":\"https:\\\/\\\/www.streetchildrenofkinshasa.org\\\/en\\\/home\\\/#breadcrumb\",\"itemListElement\":[{\"@type\":\"ListItem\",\"position\":1,\"name\":\"Home\",\"item\":\"https:\\\/\\\/www.streetchildrenofkinshasa.org\\\/en\\\/\"},{\"@type\":\"ListItem\",\"position\":2,\"name\":\"NOTRE ACTION\"}]},{\"@type\":\"WebSite\",\"@id\":\"https:\\\/\\\/www.streetchildrenofkinshasa.org\\\/en\\\/#website\",\"url\":\"https:\\\/\\\/www.streetchildrenofkinshasa.org\\\/en\\\/\",\"name\":\"Ndako Ya Biso - Enfants de Kinshasa\",\"description\":\"Donnons aux enfants des rues de Kinshasa un espoir et un avenir.\",\"publisher\":{\"@id\":\"https:\\\/\\\/www.streetchildrenofkinshasa.org\\\/en\\\/#organization\"},\"potentialAction\":[{\"@type\":\"SearchAction\",\"target\":{\"@type\":\"EntryPoint\",\"urlTemplate\":\"https:\\\/\\\/www.streetchildrenofkinshasa.org\\\/en\\\/?s={search_term_string}\"},\"query-input\":{\"@type\":\"PropertyValueSpecification\",\"valueRequired\":true,\"valueName\":\"search_term_string\"}}],\"inLanguage\":\"en-GB\"},{\"@type\":\"Organization\",\"@id\":\"https:\\\/\\\/www.streetchildrenofkinshasa.org\\\/en\\\/#organization\",\"name\":\"Communaut\u00e9 du Chemin Neuf\",\"url\":\"https:\\\/\\\/www.streetchildrenofkinshasa.org\\\/en\\\/\",\"logo\":{\"@type\":\"ImageObject\",\"inLanguage\":\"en-GB\",\"@id\":\"https:\\\/\\\/www.streetchildrenofkinshasa.org\\\/en\\\/#\\\/schema\\\/logo\\\/image\\\/\",\"url\":\"https:\\\/\\\/www.streetchildrenofkinshasa.org\\\/wp-content\\\/uploads\\\/2022\\\/05\\\/logo-cte-couleur_evide.png\",\"contentUrl\":\"https:\\\/\\\/www.streetchildrenofkinshasa.org\\\/wp-content\\\/uploads\\\/2022\\\/05\\\/logo-cte-couleur_evide.png\",\"width\":1280,\"height\":736,\"caption\":\"Communaut\u00e9 du Chemin Neuf\"},\"image\":{\"@id\":\"https:\\\/\\\/www.streetchildrenofkinshasa.org\\\/en\\\/#\\\/schema\\\/logo\\\/image\\\/\"},\"sameAs\":[\"https:\\\/\\\/www.facebook.com\\\/enfantsdelaruedekinshasa\\\/\",\"https:\\\/\\\/www.youtube.com\\\/channel\\\/UCIDv6Uc3gdp1RP_HrlK5VHw\"]}]}<\/script>\n<!-- \/ Yoast SEO plugin. -->","yoast_head_json":{"title":"Les enfants de la rue de Kinshasa","description":"Donnons aux enfants des rues de Kinshasa un espoir et un avenir. Ndako Ya Biso - Enfants de Kinshasa Notre action au b\u00e9n\u00e9fice des enfants de la rue de Kinshasa","robots":{"index":"index","follow":"follow","max-snippet":"max-snippet:-1","max-image-preview":"max-image-preview:large","max-video-preview":"max-video-preview:-1"},"canonical":"https:\/\/www.streetchildrenofkinshasa.org\/en\/home\/","og_locale":"en_GB","og_type":"article","og_title":"Les enfants de la rue de Kinshasa","og_description":"Donnons aux enfants des rues de Kinshasa un espoir et un avenir. Ndako Ya Biso - Enfants de Kinshasa Notre action au b\u00e9n\u00e9fice des enfants de la rue de Kinshasa","og_url":"https:\/\/www.streetchildrenofkinshasa.org\/en\/home\/","og_site_name":"Ndako Ya Biso - Enfants de Kinshasa","article_publisher":"https:\/\/www.facebook.com\/enfantsdelaruedekinshasa\/","article_modified_time":"2022-06-10T00:40:03+00:00","og_image":[{"width":800,"height":800,"url":"https:\/\/www.streetchildrenofkinshasa.org\/wp-content\/uploads\/2022\/05\/Amitie.jpg","type":"image\/jpeg"}],"twitter_card":"summary_large_image","schema":{"@context":"https:\/\/schema.org","@graph":[{"@type":"WebPage","@id":"https:\/\/www.streetchildrenofkinshasa.org\/en\/home\/","url":"https:\/\/www.streetchildrenofkinshasa.org\/en\/home\/","name":"Les enfants de la rue de Kinshasa","isPartOf":{"@id":"https:\/\/www.streetchildrenofkinshasa.org\/en\/#website"},"primaryImageOfPage":{"@id":"https:\/\/www.streetchildrenofkinshasa.org\/en\/home\/#primaryimage"},"image":{"@id":"https:\/\/www.streetchildrenofkinshasa.org\/en\/home\/#primaryimage"},"thumbnailUrl":"https:\/\/www.streetchildrenofkinshasa.org\/wp-content\/uploads\/2022\/05\/Amitie.jpg","datePublished":"2021-01-12T15:53:40+00:00","dateModified":"2022-06-10T00:40:03+00:00","description":"Donnons aux enfants des rues de Kinshasa un espoir et un avenir. Ndako Ya Biso - Enfants de Kinshasa Notre action au b\u00e9n\u00e9fice des enfants de la rue de Kinshasa","breadcrumb":{"@id":"https:\/\/www.streetchildrenofkinshasa.org\/en\/home\/#breadcrumb"},"inLanguage":"en-GB","potentialAction":[{"@type":"ReadAction","target":["https:\/\/www.streetchildrenofkinshasa.org\/en\/home\/"]}]},{"@type":"ImageObject","inLanguage":"en-GB","@id":"https:\/\/www.streetchildrenofkinshasa.org\/en\/home\/#primaryimage","url":"https:\/\/www.streetchildrenofkinshasa.org\/wp-content\/uploads\/2022\/05\/Amitie.jpg","contentUrl":"https:\/\/www.streetchildrenofkinshasa.org\/wp-content\/uploads\/2022\/05\/Amitie.jpg","width":800,"height":800},{"@type":"BreadcrumbList","@id":"https:\/\/www.streetchildrenofkinshasa.org\/en\/home\/#breadcrumb","itemListElement":[{"@type":"ListItem","position":1,"name":"Home","item":"https:\/\/www.streetchildrenofkinshasa.org\/en\/"},{"@type":"ListItem","position":2,"name":"NOTRE ACTION"}]},{"@type":"WebSite","@id":"https:\/\/www.streetchildrenofkinshasa.org\/en\/#website","url":"https:\/\/www.streetchildrenofkinshasa.org\/en\/","name":"Ndako Ya Biso - Enfants de Kinshasa","description":"Donnons aux enfants des rues de Kinshasa un espoir et un avenir.","publisher":{"@id":"https:\/\/www.streetchildrenofkinshasa.org\/en\/#organization"},"potentialAction":[{"@type":"SearchAction","target":{"@type":"EntryPoint","urlTemplate":"https:\/\/www.streetchildrenofkinshasa.org\/en\/?s={search_term_string}"},"query-input":{"@type":"PropertyValueSpecification","valueRequired":true,"valueName":"search_term_string"}}],"inLanguage":"en-GB"},{"@type":"Organization","@id":"https:\/\/www.streetchildrenofkinshasa.org\/en\/#organization","name":"Communaut\u00e9 du Chemin Neuf","url":"https:\/\/www.streetchildrenofkinshasa.org\/en\/","logo":{"@type":"ImageObject","inLanguage":"en-GB","@id":"https:\/\/www.streetchildrenofkinshasa.org\/en\/#\/schema\/logo\/image\/","url":"https:\/\/www.streetchildrenofkinshasa.org\/wp-content\/uploads\/2022\/05\/logo-cte-couleur_evide.png","contentUrl":"https:\/\/www.streetchildrenofkinshasa.org\/wp-content\/uploads\/2022\/05\/logo-cte-couleur_evide.png","width":1280,"height":736,"caption":"Communaut\u00e9 du Chemin Neuf"},"image":{"@id":"https:\/\/www.streetchildrenofkinshasa.org\/en\/#\/schema\/logo\/image\/"},"sameAs":["https:\/\/www.facebook.com\/enfantsdelaruedekinshasa\/","https:\/\/www.youtube.com\/channel\/UCIDv6Uc3gdp1RP_HrlK5VHw"]}]}},"_links":{"self":[{"href":"https:\/\/www.streetchildrenofkinshasa.org\/en\/wp-json\/wp\/v2\/pages\/27324","targetHints":{"allow":["GET"]}}],"collection":[{"href":"https:\/\/www.streetchildrenofkinshasa.org\/en\/wp-json\/wp\/v2\/pages"}],"about":[{"href":"https:\/\/www.streetchildrenofkinshasa.org\/en\/wp-json\/wp\/v2\/types\/page"}],"author":[{"embeddable":true,"href":"https:\/\/www.streetchildrenofkinshasa.org\/en\/wp-json\/wp\/v2\/users\/11"}],"replies":[{"embeddable":true,"href":"https:\/\/www.streetchildrenofkinshasa.org\/en\/wp-json\/wp\/v2\/comments?post=27324"}],"version-history":[{"count":1,"href":"https:\/\/www.streetchildrenofkinshasa.org\/en\/wp-json\/wp\/v2\/pages\/27324\/revisions"}],"predecessor-version":[{"id":27868,"href":"https:\/\/www.streetchildrenofkinshasa.org\/en\/wp-json\/wp\/v2\/pages\/27324\/revisions\/27868"}],"wp:featuredmedia":[{"embeddable":true,"href":"https:\/\/www.streetchildrenofkinshasa.org\/en\/wp-json\/wp\/v2\/media\/26834"}],"wp:attachment":[{"href":"https:\/\/www.streetchildrenofkinshasa.org\/en\/wp-json\/wp\/v2\/media?parent=27324"}],"curies":[{"name":"wp","href":"https:\/\/api.w.org\/{rel}","templated":true}]}}